{"id":893,"date":"2020-12-19T00:25:56","date_gmt":"2020-12-19T03:25:56","guid":{"rendered":"http:\/\/newsite.newlifetherapy.com.br\/?page_id=893"},"modified":"2026-01-20T17:55:40","modified_gmt":"2026-01-20T20:55:40","slug":"flordeamor","status":"publish","type":"page","link":"https:\/\/flordeamorbydevadaya.com.br\/es\/flordeamor\/","title":{"rendered":"Flor de Amor"},"content":{"rendered":"<div data-elementor-type=\"wp-page\" data-elementor-id=\"893\" class=\"elementor elementor-893\" data-elementor-post-type=\"page\">\n\t\t\t\t\t\t<section class=\"elementor-section elementor-top-section elementor-element elementor-element-7ddc80a elementor-section-stretched elementor-hidden-phone elementor-section-boxed elementor-section-height-default elementor-section-height-default\" data-id=\"7ddc80a\" data-element_type=\"section\" data-settings=\"{&quot;stretch_section&quot;:&quot;section-stretched&quot;,&quot;background_background&quot;:&quot;classic&quot;,&quot;_ha_eqh_enable&quot;:false}\">\n\t\t\t\t\t\t<div class=\"elementor-container elementor-column-gap-default\">\n\t\t\t\t\t<div class=\"elementor-column elementor-col-50 elementor-top-column elementor-element elementor-element-ff3b4a2\" data-id=\"ff3b4a2\" data-element_type=\"column\">\n\t\t\t<div class=\"elementor-widget-wrap elementor-element-populated\">\n\t\t\t\t\t\t<div class=\"elementor-element elementor-element-d302242 elementor-widget elementor-widget-image\" data-id=\"d302242\" data-element_type=\"widget\" data-widget_type=\"image.default\">\n\t\t\t\t<div class=\"elementor-widget-container\">\n\t\t\t\t\t\t\t\t\t\t\t\t\t<img fetchpriority=\"high\" decoding=\"async\" width=\"683\" height=\"1024\" src=\"https:\/\/flordeamorbydevadaya.com.br\/wp-content\/uploads\/2024\/01\/IMG_8489-683x1024.jpg\" class=\"attachment-large size-large wp-image-12644\" alt=\"\" srcset=\"https:\/\/flordeamorbydevadaya.com.br\/wp-content\/uploads\/2024\/01\/IMG_8489-683x1024.jpg 683w, https:\/\/flordeamorbydevadaya.com.br\/wp-content\/uploads\/2024\/01\/IMG_8489-200x300.jpg 200w, https:\/\/flordeamorbydevadaya.com.br\/wp-content\/uploads\/2024\/01\/IMG_8489-768x1152.jpg 768w, https:\/\/flordeamorbydevadaya.com.br\/wp-content\/uploads\/2024\/01\/IMG_8489-1024x1536.jpg 1024w, https:\/\/flordeamorbydevadaya.com.br\/wp-content\/uploads\/2024\/01\/IMG_8489-1365x2048.jpg 1365w, https:\/\/flordeamorbydevadaya.com.br\/wp-content\/uploads\/2024\/01\/IMG_8489-8x12.jpg 8w, https:\/\/flordeamorbydevadaya.com.br\/wp-content\/uploads\/2024\/01\/IMG_8489-scaled.jpg 1707w\" sizes=\"(max-width: 683px) 100vw, 683px\" \/>\t\t\t\t\t\t\t\t\t\t\t\t\t<\/div>\n\t\t\t\t<\/div>\n\t\t\t\t<section class=\"elementor-section elementor-inner-section elementor-element elementor-element-c3374ab elementor-section-boxed elementor-section-height-default elementor-section-height-default\" data-id=\"c3374ab\" data-element_type=\"section\" data-settings=\"{&quot;_ha_eqh_enable&quot;:false}\">\n\t\t\t\t\t\t<div class=\"elementor-container elementor-column-gap-default\">\n\t\t\t\t\t<div class=\"elementor-column elementor-col-100 elementor-inner-column elementor-element elementor-element-7c5585b\" data-id=\"7c5585b\" data-element_type=\"column\">\n\t\t\t<div class=\"elementor-widget-wrap elementor-element-populated\">\n\t\t\t\t\t\t<div class=\"elementor-element elementor-element-7a965b8 elementor-align-left elementor-widget elementor-widget-button\" data-id=\"7a965b8\" data-element_type=\"widget\" data-widget_type=\"button.default\">\n\t\t\t\t<div class=\"elementor-widget-container\">\n\t\t\t\t\t<div class=\"elementor-button-wrapper\">\n\t\t\t<a class=\"elementor-button elementor-button-link elementor-size-md\" href=\"https:\/\/www.floraisflordeamor.com.br\/\" target=\"_blank\">\n\t\t\t\t\t\t<span class=\"elementor-button-content-wrapper\">\n\t\t\t\t\t\t\t\t\t<span class=\"elementor-button-text\">VER TIENDA <\/span>\n\t\t\t\t\t<\/span>\n\t\t\t\t\t<\/a>\n\t\t<\/div>\n\t\t\t\t<\/div>\n\t\t\t\t<\/div>\n\t\t\t\t\t<\/div>\n\t\t<\/div>\n\t\t\t\t\t<\/div>\n\t\t<\/section>\n\t\t\t\t\t<\/div>\n\t\t<\/div>\n\t\t\t\t<div class=\"elementor-column elementor-col-50 elementor-top-column elementor-element elementor-element-b93c5f7 elementor-hidden-phone\" data-id=\"b93c5f7\" data-element_type=\"column\">\n\t\t\t<div class=\"elementor-widget-wrap elementor-element-populated\">\n\t\t\t\t\t\t<div class=\"elementor-element elementor-element-a4f2093 elementor-widget__width-initial elementor-widget elementor-widget-heading\" data-id=\"a4f2093\" data-element_type=\"widget\" data-widget_type=\"heading.default\">\n\t\t\t\t<div class=\"elementor-widget-container\">\n\t\t\t<h2 class=\"elementor-heading-title elementor-size-default\">Flor de Amor by Deva Daya<\/h2>\t\t<\/div>\n\t\t\t\t<\/div>\n\t\t\t\t<div class=\"elementor-element elementor-element-66fa8e5 elementor-widget__width-initial elementor-widget elementor-widget-text-editor\" data-id=\"66fa8e5\" data-element_type=\"widget\" data-widget_type=\"text-editor.default\">\n\t\t\t\t<div class=\"elementor-widget-container\">\n\t\t\t\t\t\t\t<p><span style=\"font-weight: var( --e-global-typography-text-font-weight ); font-size: 1rem;\">Los florales Flor de Amor son una expresi\u00f3n de mi deseo de servir al bien com\u00fan.<\/span><\/p><p>El prop\u00f3sito de los florales Flor de Amor es traer luz y ayudar a florecer.<\/p><p>Entendemos este trabajo como un camino de Amor y Magia.\u00a0<\/p><p>En este caminar, las fuerzas que nos apoyan y que se encuentran en estos florales son:<\/p><p>CONEXI\u00d3N: la magia que viene de estar en sinton\u00eda con el Gran Amor.<\/p><p>DESPERTAR: la b\u00fasqueda de la conciencia de nuestra naturaleza sagrada.<\/p><p>VERDAD: la luz que nunca se apaga y pone todo en su lugar.<\/p><p>SILENCIO: el espacio interior de quietud para el autoconocimiento y la paz interior.<\/p><p>SUERTE: la creencia en el bien y en nuestro poder de  crear una buena vida para nosotros y para la Tierra.<\/p>\t\t\t\t\t\t<\/div>\n\t\t\t\t<\/div>\n\t\t\t\t<section class=\"elementor-section elementor-inner-section elementor-element elementor-element-cacea00 elementor-section-boxed elementor-section-height-default elementor-section-height-default\" data-id=\"cacea00\" data-element_type=\"section\" data-settings=\"{&quot;_ha_eqh_enable&quot;:false}\">\n\t\t\t\t\t\t<div class=\"elementor-container elementor-column-gap-default\">\n\t\t\t\t\t<div class=\"elementor-column elementor-col-100 elementor-inner-column elementor-element elementor-element-feb3a32\" data-id=\"feb3a32\" data-element_type=\"column\">\n\t\t\t<div class=\"elementor-widget-wrap elementor-element-populated\">\n\t\t\t\t\t\t<div class=\"elementor-element elementor-element-7015484 elementor-widget elementor-widget-text-editor\" data-id=\"7015484\" data-element_type=\"widget\" data-widget_type=\"text-editor.default\">\n\t\t\t\t<div class=\"elementor-widget-container\">\n\t\t\t\t\t\t\t<p><strong><em>Para florecer es necesario abrirse internamente a la luz que nos gu\u00eda.<\/em><\/strong><\/p>\t\t\t\t\t\t<\/div>\n\t\t\t\t<\/div>\n\t\t\t\t\t<\/div>\n\t\t<\/div>\n\t\t\t\t\t<\/div>\n\t\t<\/section>\n\t\t\t\t\t<\/div>\n\t\t<\/div>\n\t\t\t\t\t<\/div>\n\t\t<\/section>\n\t\t\t\t<section class=\"elementor-section elementor-top-section elementor-element elementor-element-6df142c3 elementor-section-stretched elementor-hidden-phone elementor-section-boxed elementor-section-height-default elementor-section-height-default\" data-id=\"6df142c3\" data-element_type=\"section\" data-settings=\"{&quot;stretch_section&quot;:&quot;section-stretched&quot;,&quot;background_background&quot;:&quot;classic&quot;,&quot;_ha_eqh_enable&quot;:false}\">\n\t\t\t\t\t\t<div class=\"elementor-container elementor-column-gap-default\">\n\t\t\t\t\t<div class=\"elementor-column elementor-col-50 elementor-top-column elementor-element elementor-element-3d870c1\" data-id=\"3d870c1\" data-element_type=\"column\">\n\t\t\t<div class=\"elementor-widget-wrap elementor-element-populated\">\n\t\t\t\t\t\t<div class=\"elementor-element elementor-element-b66941e elementor-widget elementor-widget-heading\" data-id=\"b66941e\" data-element_type=\"widget\" data-widget_type=\"heading.default\">\n\t\t\t\t<div class=\"elementor-widget-container\">\n\t\t\t<h2 class=\"elementor-heading-title elementor-size-default\">Terapia Floral de Bach<\/h2>\t\t<\/div>\n\t\t\t\t<\/div>\n\t\t\t\t<div class=\"elementor-element elementor-element-40f08255 elementor-widget__width-initial elementor-widget elementor-widget-text-editor\" data-id=\"40f08255\" data-element_type=\"widget\" data-widget_type=\"text-editor.default\">\n\t\t\t\t<div class=\"elementor-widget-container\">\n\t\t\t\t\t\t\t<p><span style=\"font-weight: var( --e-global-typography-text-font-weight ); font-size: 1rem;\">La Terapia Floral fue llevada al mundo occidental por el m\u00e9dico ingl\u00e9s <\/span><strong style=\"font-size: 1rem;\">Dr. Edward Bach\u00a0<\/strong>(Inglaterra, 1886-1936).<\/p><p>Fue m\u00e9dico, escritor, home\u00f3pata, fil\u00f3sofo y bacteri\u00f3logo.<\/p><p>A pesar de su \u00e9xito como m\u00e9dico e investigador, el Dr. Bach no estaba contento con la direcci\u00f3n que estaba tomando la medicina.\u00a0<\/p><p>Convencido de que exist\u00eda un m\u00e9todo de tratamiento m\u00e1s sutil y humano, en 1930 cerr\u00f3 su consulta, abandon\u00f3 su carrera y la ciudad de Londres y se lanz\u00f3 en busca de una nueva forma de cuidar a los seres humanos.<\/p><p>Dej\u00f3 atr\u00e1s fama, comodidad y un lugar destacado en la sociedad m\u00e9dica de Londres.<\/p><p>Se traslad\u00f3 a Gales, la tierra de sus antepasados \u200b\u200bceltas.\u00a0<\/p><p>Durante seis a\u00f1os trabaj\u00f3 en su investigaci\u00f3n con esencias florales, desarrollando las 38 esencias florales de su sistema.<\/p><p>Si bien el conocimiento del uso de la medicina floral ha estado presente en diversas culturas antiguas, fue rescatado y sistematizado por este gran Ser.<\/p>\t\t\t\t\t\t<\/div>\n\t\t\t\t<\/div>\n\t\t\t\t<div class=\"elementor-element elementor-element-2a814125 elementor-align-left elementor-widget elementor-widget-button\" data-id=\"2a814125\" data-element_type=\"widget\" data-widget_type=\"button.default\">\n\t\t\t\t<div class=\"elementor-widget-container\">\n\t\t\t\t\t<div class=\"elementor-button-wrapper\">\n\t\t\t<a class=\"elementor-button elementor-button-link elementor-size-md\" href=\"https:\/\/www.floraisflordeamor.com.br\/\" target=\"_blank\">\n\t\t\t\t\t\t<span class=\"elementor-button-content-wrapper\">\n\t\t\t\t\t\t\t\t\t<span class=\"elementor-button-text\">VER TIENDA <\/span>\n\t\t\t\t\t<\/span>\n\t\t\t\t\t<\/a>\n\t\t<\/div>\n\t\t\t\t<\/div>\n\t\t\t\t<\/div>\n\t\t\t\t\t<\/div>\n\t\t<\/div>\n\t\t\t\t<div class=\"elementor-column elementor-col-50 elementor-top-column elementor-element elementor-element-270a9f56\" data-id=\"270a9f56\" data-element_type=\"column\">\n\t\t\t<div class=\"elementor-widget-wrap elementor-element-populated\">\n\t\t\t\t\t\t<div class=\"elementor-element elementor-element-c0d2384 elementor-widget__width-initial elementor-widget elementor-widget-image\" data-id=\"c0d2384\" data-element_type=\"widget\" data-widget_type=\"image.default\">\n\t\t\t\t<div class=\"elementor-widget-container\">\n\t\t\t\t\t\t\t\t\t\t\t\t\t<img decoding=\"async\" src=\"https:\/\/flordeamorbydevadaya.com.br\/wp-content\/uploads\/2023\/09\/Edward-Bach.jpg\" title=\"Edward-Bach\" alt=\"Edward-Bach\" loading=\"lazy\" \/>\t\t\t\t\t\t\t\t\t\t\t\t\t<\/div>\n\t\t\t\t<\/div>\n\t\t\t\t<section class=\"elementor-section elementor-inner-section elementor-element elementor-element-4d8e8475 elementor-section-boxed elementor-section-height-default elementor-section-height-default\" data-id=\"4d8e8475\" data-element_type=\"section\" data-settings=\"{&quot;_ha_eqh_enable&quot;:false}\">\n\t\t\t\t\t\t<div class=\"elementor-container elementor-column-gap-default\">\n\t\t\t\t\t<div class=\"elementor-column elementor-col-100 elementor-inner-column elementor-element elementor-element-348679e7\" data-id=\"348679e7\" data-element_type=\"column\">\n\t\t\t<div class=\"elementor-widget-wrap\">\n\t\t\t\t\t\t\t<\/div>\n\t\t<\/div>\n\t\t\t\t\t<\/div>\n\t\t<\/section>\n\t\t\t\t\t<\/div>\n\t\t<\/div>\n\t\t\t\t\t<\/div>\n\t\t<\/section>\n\t\t\t\t<section class=\"elementor-section elementor-top-section elementor-element elementor-element-e16f918 elementor-section-stretched elementor-hidden-desktop elementor-hidden-tablet elementor-section-boxed elementor-section-height-default elementor-section-height-default\" data-id=\"e16f918\" data-element_type=\"section\" data-settings=\"{&quot;stretch_section&quot;:&quot;section-stretched&quot;,&quot;background_background&quot;:&quot;classic&quot;,&quot;_ha_eqh_enable&quot;:false}\">\n\t\t\t\t\t\t<div class=\"elementor-container elementor-column-gap-default\">\n\t\t\t\t\t<div class=\"elementor-column elementor-col-25 elementor-top-column elementor-element elementor-element-33863ae elementor-hidden-desktop elementor-hidden-tablet\" data-id=\"33863ae\" data-element_type=\"column\">\n\t\t\t<div class=\"elementor-widget-wrap elementor-element-populated\">\n\t\t\t\t\t\t<div class=\"elementor-element elementor-element-ef0aafe elementor-widget elementor-widget-image\" data-id=\"ef0aafe\" data-element_type=\"widget\" data-widget_type=\"image.default\">\n\t\t\t\t<div class=\"elementor-widget-container\">\n\t\t\t\t\t\t\t\t\t\t\t\t\t<img decoding=\"async\" width=\"200\" height=\"300\" src=\"https:\/\/flordeamorbydevadaya.com.br\/wp-content\/uploads\/2024\/01\/IMG_8489-200x300.jpg\" class=\"attachment-medium size-medium wp-image-12644\" alt=\"\" srcset=\"https:\/\/flordeamorbydevadaya.com.br\/wp-content\/uploads\/2024\/01\/IMG_8489-200x300.jpg 200w, https:\/\/flordeamorbydevadaya.com.br\/wp-content\/uploads\/2024\/01\/IMG_8489-683x1024.jpg 683w, https:\/\/flordeamorbydevadaya.com.br\/wp-content\/uploads\/2024\/01\/IMG_8489-768x1152.jpg 768w, https:\/\/flordeamorbydevadaya.com.br\/wp-content\/uploads\/2024\/01\/IMG_8489-1024x1536.jpg 1024w, https:\/\/flordeamorbydevadaya.com.br\/wp-content\/uploads\/2024\/01\/IMG_8489-1365x2048.jpg 1365w, https:\/\/flordeamorbydevadaya.com.br\/wp-content\/uploads\/2024\/01\/IMG_8489-8x12.jpg 8w, https:\/\/flordeamorbydevadaya.com.br\/wp-content\/uploads\/2024\/01\/IMG_8489-scaled.jpg 1707w\" sizes=\"(max-width: 200px) 100vw, 200px\" \/>\t\t\t\t\t\t\t\t\t\t\t\t\t<\/div>\n\t\t\t\t<\/div>\n\t\t\t\t\t<\/div>\n\t\t<\/div>\n\t\t\t\t<div class=\"elementor-column elementor-col-25 elementor-top-column elementor-element elementor-element-5fb7795\" data-id=\"5fb7795\" data-element_type=\"column\">\n\t\t\t<div class=\"elementor-widget-wrap elementor-element-populated\">\n\t\t\t\t\t\t<div class=\"elementor-element elementor-element-2a813a3 elementor-widget elementor-widget-heading\" data-id=\"2a813a3\" data-element_type=\"widget\" data-widget_type=\"heading.default\">\n\t\t\t\t<div class=\"elementor-widget-container\">\n\t\t\t<h2 class=\"elementor-heading-title elementor-size-default\">Flor de Amor by Deva Daya<\/h2>\t\t<\/div>\n\t\t\t\t<\/div>\n\t\t\t\t<div class=\"elementor-element elementor-element-bf682e6 elementor-widget elementor-widget-text-editor\" data-id=\"bf682e6\" data-element_type=\"widget\" data-widget_type=\"text-editor.default\">\n\t\t\t\t<div class=\"elementor-widget-container\">\n\t\t\t\t\t\t\t<p>Los florales Flor de Amor son una expresi\u00f3n de mi deseo de servir al bien com\u00fan.<\/p><p>El prop\u00f3sito de los florales Flor de Amor es traer luz y ayudar a florecer.<\/p><p>Entendemos este trabajo como un camino de Amor y Magia.\u00a0<\/p><p>En este caminar, las fuerzas que nos apoyan y que se encuentran en estos florales son:<\/p><p>CONEXI\u00d3N: la magia que viene de estar en sinton\u00eda con el Gran Amor.<\/p><p>DESPERTAR: la b\u00fasqueda de la conciencia de nuestra naturaleza sagrada.<\/p><p>VERDAD: la luz que nunca se apaga y pone todo en su lugar.<\/p><p>SILENCIO: el espacio interior de quietud para el autoconocimiento y la paz interior.<\/p><p>SUERTE: la creencia en el bien y en nuestro poder de  crear una buena vida para nosotros y para la Tierra.<\/p><p><b><i>Para florecer es necesario abrirse internamente a la luz que nos gu\u00eda.<\/i><\/b><\/p>\t\t\t\t\t\t<\/div>\n\t\t\t\t<\/div>\n\t\t\t\t<section class=\"elementor-section elementor-inner-section elementor-element elementor-element-231a42e elementor-section-boxed elementor-section-height-default elementor-section-height-default\" data-id=\"231a42e\" data-element_type=\"section\" data-settings=\"{&quot;_ha_eqh_enable&quot;:false}\">\n\t\t\t\t\t\t<div class=\"elementor-container elementor-column-gap-default\">\n\t\t\t\t\t<div class=\"elementor-column elementor-col-100 elementor-inner-column elementor-element elementor-element-0944ee0\" data-id=\"0944ee0\" data-element_type=\"column\">\n\t\t\t<div class=\"elementor-widget-wrap elementor-element-populated\">\n\t\t\t\t\t\t<div class=\"elementor-element elementor-element-fbfdd9a elementor-align-left elementor-mobile-align-center elementor-widget elementor-widget-button\" data-id=\"fbfdd9a\" data-element_type=\"widget\" data-widget_type=\"button.default\">\n\t\t\t\t<div class=\"elementor-widget-container\">\n\t\t\t\t\t<div class=\"elementor-button-wrapper\">\n\t\t\t<a class=\"elementor-button elementor-button-link elementor-size-md\" href=\"https:\/\/www.floraisflordeamor.com.br\/\" target=\"_blank\">\n\t\t\t\t\t\t<span class=\"elementor-button-content-wrapper\">\n\t\t\t\t\t\t\t\t\t<span class=\"elementor-button-text\">VER TIENDA <\/span>\n\t\t\t\t\t<\/span>\n\t\t\t\t\t<\/a>\n\t\t<\/div>\n\t\t\t\t<\/div>\n\t\t\t\t<\/div>\n\t\t\t\t\t<\/div>\n\t\t<\/div>\n\t\t\t\t\t<\/div>\n\t\t<\/section>\n\t\t\t\t\t<\/div>\n\t\t<\/div>\n\t\t\t\t<div class=\"elementor-column elementor-col-25 elementor-top-column elementor-element elementor-element-6753313 elementor-hidden-desktop elementor-hidden-tablet\" data-id=\"6753313\" data-element_type=\"column\">\n\t\t\t<div class=\"elementor-widget-wrap\">\n\t\t\t\t\t\t\t<\/div>\n\t\t<\/div>\n\t\t\t\t<div class=\"elementor-column elementor-col-25 elementor-top-column elementor-element elementor-element-3c02787\" data-id=\"3c02787\" data-element_type=\"column\">\n\t\t\t<div class=\"elementor-widget-wrap elementor-element-populated\">\n\t\t\t\t\t\t<div class=\"elementor-element elementor-element-c0638c2 elementor-widget elementor-widget-image\" data-id=\"c0638c2\" data-element_type=\"widget\" data-widget_type=\"image.default\">\n\t\t\t\t<div class=\"elementor-widget-container\">\n\t\t\t\t\t\t\t\t\t\t\t\t\t<img decoding=\"async\" width=\"211\" height=\"300\" src=\"https:\/\/flordeamorbydevadaya.com.br\/wp-content\/uploads\/2023\/09\/Edward-Bach-211x300.jpg\" class=\"attachment-medium size-medium wp-image-11576\" alt=\"\" srcset=\"https:\/\/flordeamorbydevadaya.com.br\/wp-content\/uploads\/2023\/09\/Edward-Bach-211x300.jpg 211w, https:\/\/flordeamorbydevadaya.com.br\/wp-content\/uploads\/2023\/09\/Edward-Bach-8x12.jpg 8w, https:\/\/flordeamorbydevadaya.com.br\/wp-content\/uploads\/2023\/09\/Edward-Bach.jpg 474w\" sizes=\"(max-width: 211px) 100vw, 211px\" \/>\t\t\t\t\t\t\t\t\t\t\t\t\t<\/div>\n\t\t\t\t<\/div>\n\t\t\t\t<div class=\"elementor-element elementor-element-75623e9 elementor-widget elementor-widget-heading\" data-id=\"75623e9\" data-element_type=\"widget\" data-widget_type=\"heading.default\">\n\t\t\t\t<div class=\"elementor-widget-container\">\n\t\t\t<h2 class=\"elementor-heading-title elementor-size-default\">Terapia Floral de Bach<\/h2>\t\t<\/div>\n\t\t\t\t<\/div>\n\t\t\t\t<div class=\"elementor-element elementor-element-7f79cdc elementor-widget elementor-widget-text-editor\" data-id=\"7f79cdc\" data-element_type=\"widget\" data-widget_type=\"text-editor.default\">\n\t\t\t\t<div class=\"elementor-widget-container\">\n\t\t\t\t\t\t\t<p>La Terapia Floral fue llevada al mundo occidental por el m\u00e9dico ingl\u00e9s <strong>Dr. Edward Bach <\/strong>(Inglaterra, 1886-1936).<\/p><p>Fue m\u00e9dico, escritor, home\u00f3pata, fil\u00f3sofo y bacteri\u00f3logo.<\/p><p>A pesar de su \u00e9xito como m\u00e9dico e investigador, el Dr. Bach no estaba contento con la direcci\u00f3n que estaba tomando la medicina.\u00a0<\/p><p>Dej\u00f3 atr\u00e1s fama, comodidad y un lugar destacado en la sociedad m\u00e9dica de Londres.<\/p><p>Se traslad\u00f3 a Gales, la tierra de sus antepasados \u200b\u200bceltas.\u00a0<\/p><p>Durante seis a\u00f1os trabaj\u00f3 en su investigaci\u00f3n con esencias florales, desarrollando las 38 esencias florales de su sistema.<\/p><p>Si bien el conocimiento del uso de la medicina floral ha estado presente en diversas culturas antiguas, fue rescatado y sistematizado por este gran Ser.<\/p>\t\t\t\t\t\t<\/div>\n\t\t\t\t<\/div>\n\t\t\t\t<section class=\"elementor-section elementor-inner-section elementor-element elementor-element-635553c elementor-section-boxed elementor-section-height-default elementor-section-height-default\" data-id=\"635553c\" data-element_type=\"section\" data-settings=\"{&quot;_ha_eqh_enable&quot;:false}\">\n\t\t\t\t\t\t<div class=\"elementor-container elementor-column-gap-default\">\n\t\t\t\t\t<div class=\"elementor-column elementor-col-100 elementor-inner-column elementor-element elementor-element-1d99a58\" data-id=\"1d99a58\" data-element_type=\"column\">\n\t\t\t<div class=\"elementor-widget-wrap elementor-element-populated\">\n\t\t\t\t\t\t<div class=\"elementor-element elementor-element-c1fc477 elementor-align-left elementor-mobile-align-center elementor-widget elementor-widget-button\" data-id=\"c1fc477\" data-element_type=\"widget\" data-widget_type=\"button.default\">\n\t\t\t\t<div class=\"elementor-widget-container\">\n\t\t\t\t\t<div class=\"elementor-button-wrapper\">\n\t\t\t<a class=\"elementor-button elementor-button-link elementor-size-md\" href=\"https:\/\/www.floraisflordeamor.com.br\/\" target=\"_blank\">\n\t\t\t\t\t\t<span class=\"elementor-button-content-wrapper\">\n\t\t\t\t\t\t\t\t\t<span class=\"elementor-button-text\">VER TIENDA <\/span>\n\t\t\t\t\t<\/span>\n\t\t\t\t\t<\/a>\n\t\t<\/div>\n\t\t\t\t<\/div>\n\t\t\t\t<\/div>\n\t\t\t\t\t<\/div>\n\t\t<\/div>\n\t\t\t\t\t<\/div>\n\t\t<\/section>\n\t\t\t\t\t<\/div>\n\t\t<\/div>\n\t\t\t\t\t<\/div>\n\t\t<\/section>\n\t\t\t\t<\/div>","protected":false},"excerpt":{"rendered":"<p>VER LOJA Flor de Amor by Deva Daya Os florais Flor de Amor s\u00e3o uma express\u00e3o do meu desejo de servir ao bem maior. O prop\u00f3sito dos Florais Flor de Amor \u00e9 trazer luz e ajudar a florescer. Entendemos este trabalho como um caminho de Amor e Magia.\u00a0 Nesta jornada, as for\u00e7as que nos sustentam [&hellip;]<\/p>","protected":false},"author":1,"featured_media":0,"parent":0,"menu_order":0,"comment_status":"closed","ping_status":"closed","template":"","meta":{"footnotes":""},"yst_prominent_words":[],"class_list":["post-893","page","type-page","status-publish","hentry"],"_links":{"self":[{"href":"https:\/\/flordeamorbydevadaya.com.br\/es\/wp-json\/wp\/v2\/pages\/893"}],"collection":[{"href":"https:\/\/flordeamorbydevadaya.com.br\/es\/wp-json\/wp\/v2\/pages"}],"about":[{"href":"https:\/\/flordeamorbydevadaya.com.br\/es\/wp-json\/wp\/v2\/types\/page"}],"author":[{"embeddable":true,"href":"https:\/\/flordeamorbydevadaya.com.br\/es\/wp-json\/wp\/v2\/users\/1"}],"replies":[{"embeddable":true,"href":"https:\/\/flordeamorbydevadaya.com.br\/es\/wp-json\/wp\/v2\/comments?post=893"}],"version-history":[{"count":258,"href":"https:\/\/flordeamorbydevadaya.com.br\/es\/wp-json\/wp\/v2\/pages\/893\/revisions"}],"predecessor-version":[{"id":20680,"href":"https:\/\/flordeamorbydevadaya.com.br\/es\/wp-json\/wp\/v2\/pages\/893\/revisions\/20680"}],"wp:attachment":[{"href":"https:\/\/flordeamorbydevadaya.com.br\/es\/wp-json\/wp\/v2\/media?parent=893"}],"wp:term":[{"taxonomy":"yst_prominent_words","embeddable":true,"href":"https:\/\/flordeamorbydevadaya.com.br\/es\/wp-json\/wp\/v2\/yst_prominent_words?post=893"}],"curies":[{"name":"wp","href":"https:\/\/api.w.org\/{rel}","templated":true}]}}