{"id":6111,"date":"2022-07-11T18:11:30","date_gmt":"2022-07-11T21:11:30","guid":{"rendered":"https:\/\/newlifetherapy.com.br\/?page_id=6111"},"modified":"2025-02-28T19:46:06","modified_gmt":"2025-02-28T22:46:06","slug":"aula-gratuita-alquimia-florais","status":"publish","type":"page","link":"https:\/\/flordeamorbydevadaya.com.br\/es\/aula-gratuita-alquimia-florais\/","title":{"rendered":"Clase Gratuita Alquimia y Transformaci\u00f3n"},"content":{"rendered":"<div data-elementor-type=\"wp-page\" data-elementor-id=\"6111\" class=\"elementor elementor-6111\" data-elementor-post-type=\"page\">\n\t\t\t\t\t\t<section class=\"elementor-section elementor-top-section elementor-element elementor-element-c38aa20 elementor-section-full_width elementor-section-stretched elementor-section-height-default elementor-section-height-default\" data-id=\"c38aa20\" data-element_type=\"section\" data-settings=\"{&quot;stretch_section&quot;:&quot;section-stretched&quot;,&quot;background_background&quot;:&quot;classic&quot;,&quot;_ha_eqh_enable&quot;:false}\">\n\t\t\t\t\t\t<div class=\"elementor-container elementor-column-gap-default\">\n\t\t\t\t\t<div class=\"elementor-column elementor-col-33 elementor-top-column elementor-element elementor-element-054cd25\" data-id=\"054cd25\" data-element_type=\"column\">\n\t\t\t<div class=\"elementor-widget-wrap elementor-element-populated\">\n\t\t\t\t\t\t<div class=\"elementor-element elementor-element-2ac1d7f8 elementor-widget elementor-widget-heading\" data-id=\"2ac1d7f8\" data-element_type=\"widget\" data-widget_type=\"heading.default\">\n\t\t\t\t<div class=\"elementor-widget-container\">\n\t\t\t<h2 class=\"elementor-heading-title elementor-size-default\">selecione idioma<\/h2>\t\t<\/div>\n\t\t\t\t<\/div>\n\t\t\t\t\t<\/div>\n\t\t<\/div>\n\t\t\t\t<div class=\"elementor-column elementor-col-33 elementor-top-column elementor-element elementor-element-4fb73f1\" data-id=\"4fb73f1\" data-element_type=\"column\">\n\t\t\t<div class=\"elementor-widget-wrap elementor-element-populated\">\n\t\t\t\t\t\t<div class=\"elementor-element elementor-element-18fc451f elementor-widget elementor-widget-shortcode\" data-id=\"18fc451f\" data-element_type=\"widget\" data-widget_type=\"shortcode.default\">\n\t\t\t\t<div class=\"elementor-widget-container\">\n\t\t\t\t\t<div class=\"elementor-shortcode\"><div class=\"trp_language_switcher_shortcode\">\n<div class=\"trp-language-switcher trp-language-switcher-container\" data-no-translation>\n    <div class=\"trp-ls-shortcode-current-language\">\n        <a href=\"#\" class=\"trp-ls-shortcode-disabled-language trp-ls-disabled-language\" title=\"Spanish\" onclick=\"event.preventDefault()\">\n\t\t\t<img decoding=\"async\" class=\"trp-flag-image\" src=\"https:\/\/flordeamorbydevadaya.com.br\/wp-content\/plugins\/translatepress-multilingual\/assets\/images\/flags\/es_AR.png\" width=\"18\" height=\"12\" alt=\"es_AR\" title=\"Spanish\"> \t\t<\/a>\n    <\/div>\n    <div class=\"trp-ls-shortcode-language\">\n                <a href=\"#\" class=\"trp-ls-shortcode-disabled-language trp-ls-disabled-language\"  title=\"Spanish\" onclick=\"event.preventDefault()\">\n\t\t\t<img decoding=\"async\" class=\"trp-flag-image\" src=\"https:\/\/flordeamorbydevadaya.com.br\/wp-content\/plugins\/translatepress-multilingual\/assets\/images\/flags\/es_AR.png\" width=\"18\" height=\"12\" alt=\"es_AR\" title=\"Spanish\"> \t\t<\/a>\n                    <a href=\"https:\/\/flordeamorbydevadaya.com.br\/wp-json\/wp\/v2\/pages\/6111\/\" title=\"Portuguese\">\n            <img decoding=\"async\" class=\"trp-flag-image\" src=\"https:\/\/flordeamorbydevadaya.com.br\/wp-content\/plugins\/translatepress-multilingual\/assets\/images\/flags\/pt_BR.png\" width=\"18\" height=\"12\" alt=\"pt_BR\" title=\"Portuguese\">         <\/a>\n\n        <\/div>\n    <script type=\"application\/javascript\">\n        \/\/ need to have the same with set from JS on both divs. Otherwise it can push stuff around in HTML\n        var trp_ls_shortcodes = document.querySelectorAll('.trp_language_switcher_shortcode .trp-language-switcher');\n        if ( trp_ls_shortcodes.length > 0) {\n            \/\/ get the last language switcher added\n            var trp_el = trp_ls_shortcodes[trp_ls_shortcodes.length - 1];\n\n            var trp_shortcode_language_item = trp_el.querySelector( '.trp-ls-shortcode-language' )\n            \/\/ set width\n            var trp_ls_shortcode_width                                               = trp_shortcode_language_item.offsetWidth + 16;\n            trp_shortcode_language_item.style.width                                  = trp_ls_shortcode_width + 'px';\n            trp_el.querySelector( '.trp-ls-shortcode-current-language' ).style.width = trp_ls_shortcode_width + 'px';\n\n            \/\/ We're putting this on display: none after we have its width.\n            trp_shortcode_language_item.style.display = 'none';\n        }\n    <\/script>\n<\/div>\n<\/div><\/div>\n\t\t\t\t<\/div>\n\t\t\t\t<\/div>\n\t\t\t\t\t<\/div>\n\t\t<\/div>\n\t\t\t\t<div class=\"elementor-column elementor-col-33 elementor-top-column elementor-element elementor-element-3a9488e\" data-id=\"3a9488e\" data-element_type=\"column\">\n\t\t\t<div class=\"elementor-widget-wrap\">\n\t\t\t\t\t\t\t<\/div>\n\t\t<\/div>\n\t\t\t\t\t<\/div>\n\t\t<\/section>\n\t\t\t\t<section class=\"elementor-section elementor-top-section elementor-element elementor-element-7c0d556 elementor-section-full_width elementor-section-stretched elementor-section-height-default elementor-section-height-default\" data-id=\"7c0d556\" data-element_type=\"section\" data-settings=\"{&quot;stretch_section&quot;:&quot;section-stretched&quot;,&quot;background_background&quot;:&quot;classic&quot;,&quot;_ha_eqh_enable&quot;:false}\">\n\t\t\t\t\t\t<div class=\"elementor-container elementor-column-gap-default\">\n\t\t\t\t\t<div class=\"elementor-column elementor-col-100 elementor-top-column elementor-element elementor-element-42b5c26\" data-id=\"42b5c26\" data-element_type=\"column\">\n\t\t\t<div class=\"elementor-widget-wrap elementor-element-populated\">\n\t\t\t\t\t\t<div class=\"elementor-element elementor-element-4b15ce2 elementor-widget elementor-widget-heading\" data-id=\"4b15ce2\" data-element_type=\"widget\" data-widget_type=\"heading.default\">\n\t\t\t\t<div class=\"elementor-widget-container\">\n\t\t\t<h2 class=\"elementor-heading-title elementor-size-default\"><span style=\"color:#c22922;font-weight: 800\">CLASE GRATUITA<\/span><br>Alquimia y Transformaci\u00f3n<\/h2>\t\t<\/div>\n\t\t\t\t<\/div>\n\t\t\t\t<div class=\"elementor-element elementor-element-2b0f651b elementor-widget elementor-widget-text-editor\" data-id=\"2b0f651b\" data-element_type=\"widget\" data-widget_type=\"text-editor.default\">\n\t\t\t\t<div class=\"elementor-widget-container\">\n\t\t\t\t\t\t\t<p>Mira esta clase gratuita con Deva Daya y comprende m\u00e1s sobre las bases alqu\u00edmicas de los Florales Flor de Amor.<\/p>\t\t\t\t\t\t<\/div>\n\t\t\t\t<\/div>\n\t\t\t\t<section class=\"elementor-section elementor-inner-section elementor-element elementor-element-4e35d671 elementor-section-boxed elementor-section-height-default elementor-section-height-default\" data-id=\"4e35d671\" data-element_type=\"section\" id=\"dia14\" data-settings=\"{&quot;_ha_eqh_enable&quot;:false}\">\n\t\t\t\t\t\t<div class=\"elementor-container elementor-column-gap-default\">\n\t\t\t\t\t<div class=\"elementor-column elementor-col-50 elementor-inner-column elementor-element elementor-element-64a58f2c\" data-id=\"64a58f2c\" data-element_type=\"column\">\n\t\t\t<div class=\"elementor-widget-wrap elementor-element-populated\">\n\t\t\t\t\t\t<div class=\"elementor-element elementor-element-46b98b6b elementor-widget elementor-widget-heading\" data-id=\"46b98b6b\" data-element_type=\"widget\" data-widget_type=\"heading.default\">\n\t\t\t\t<div class=\"elementor-widget-container\">\n\t\t\t<h3 class=\"elementor-heading-title elementor-size-default\">C\u00f3mo se hace una f\u00f3rmula floral<br><\/h3>\t\t<\/div>\n\t\t\t\t<\/div>\n\t\t\t\t<div class=\"elementor-element elementor-element-91ab207 elementor-widget elementor-widget-video\" data-id=\"91ab207\" data-element_type=\"widget\" data-settings=\"{&quot;youtube_url&quot;:&quot;https:\\\/\\\/youtu.be\\\/xhUd7gL_BQU&quot;,&quot;video_type&quot;:&quot;youtube&quot;,&quot;controls&quot;:&quot;yes&quot;}\" data-widget_type=\"video.default\">\n\t\t\t\t<div class=\"elementor-widget-container\">\n\t\t\t\t\t<div class=\"elementor-wrapper elementor-open-inline\">\n\t\t\t<div class=\"elementor-video\"><\/div>\t\t<\/div>\n\t\t\t\t<\/div>\n\t\t\t\t<\/div>\n\t\t\t\t\t<\/div>\n\t\t<\/div>\n\t\t\t\t<div class=\"elementor-column elementor-col-50 elementor-inner-column elementor-element elementor-element-2af7bbfa\" data-id=\"2af7bbfa\" data-element_type=\"column\">\n\t\t\t<div class=\"elementor-widget-wrap elementor-element-populated\">\n\t\t\t\t\t\t<div class=\"elementor-element elementor-element-3eb8b061 elementor-widget elementor-widget-heading\" data-id=\"3eb8b061\" data-element_type=\"widget\" data-widget_type=\"heading.default\">\n\t\t\t\t<div class=\"elementor-widget-container\">\n\t\t\t<span class=\"elementor-heading-title elementor-size-default\">Con el prop\u00f3sito de demostrar que es f\u00e1cil aprender el Arte de la Alquimia; Deva Daya, la creadora de los Florales Flor de Amor, decidi\u00f3 ense\u00f1arnos c\u00f3mo hacer una f\u00f3rmula floral.<br>Para continuar aprendiendo, vea la clase completa a continuaci\u00f3n.\n<\/span>\t\t<\/div>\n\t\t\t\t<\/div>\n\t\t\t\t\t<\/div>\n\t\t<\/div>\n\t\t\t\t\t<\/div>\n\t\t<\/section>\n\t\t\t\t<section class=\"elementor-section elementor-inner-section elementor-element elementor-element-89feab9 elementor-section-boxed elementor-section-height-default elementor-section-height-default\" data-id=\"89feab9\" data-element_type=\"section\" data-settings=\"{&quot;_ha_eqh_enable&quot;:false}\">\n\t\t\t\t\t\t<div class=\"elementor-container elementor-column-gap-default\">\n\t\t\t\t\t<div class=\"elementor-column elementor-col-50 elementor-inner-column elementor-element elementor-element-57a8bfc\" data-id=\"57a8bfc\" data-element_type=\"column\">\n\t\t\t<div class=\"elementor-widget-wrap\">\n\t\t\t\t\t\t\t<\/div>\n\t\t<\/div>\n\t\t\t\t<div class=\"elementor-column elementor-col-50 elementor-inner-column elementor-element elementor-element-8596c9e\" data-id=\"8596c9e\" data-element_type=\"column\">\n\t\t\t<div class=\"elementor-widget-wrap elementor-element-populated\">\n\t\t\t\t\t\t<div class=\"elementor-element elementor-element-ba22443 elementor-widget elementor-widget-heading\" data-id=\"ba22443\" data-element_type=\"widget\" data-widget_type=\"heading.default\">\n\t\t\t\t<div class=\"elementor-widget-container\">\n\t\t\t<h3 class=\"elementor-heading-title elementor-size-default\">\u00bfSabes qu\u00e9 es la Alquimia?<br><\/h3>\t\t<\/div>\n\t\t\t\t<\/div>\n\t\t\t\t<div class=\"elementor-element elementor-element-26aed9f elementor-widget elementor-widget-video\" data-id=\"26aed9f\" data-element_type=\"widget\" data-settings=\"{&quot;youtube_url&quot;:&quot;https:\\\/\\\/youtu.be\\\/I8JF8afnYXE&quot;,&quot;video_type&quot;:&quot;youtube&quot;,&quot;controls&quot;:&quot;yes&quot;}\" data-widget_type=\"video.default\">\n\t\t\t\t<div class=\"elementor-widget-container\">\n\t\t\t\t\t<div class=\"elementor-wrapper elementor-open-inline\">\n\t\t\t<div class=\"elementor-video\"><\/div>\t\t<\/div>\n\t\t\t\t<\/div>\n\t\t\t\t<\/div>\n\t\t\t\t<div class=\"elementor-element elementor-element-f7bc439 elementor-widget elementor-widget-heading\" data-id=\"f7bc439\" data-element_type=\"widget\" data-widget_type=\"heading.default\">\n\t\t\t\t<div class=\"elementor-widget-container\">\n\t\t\t<span class=\"elementor-heading-title elementor-size-default\">En primer lugar, entiende m\u00e1s en este video de Deva Daya, la creadora de los Florales Flor de Amor.<br>Para continuar aprendiendo, vea la clase completa a continuaci\u00f3n.\n<\/span>\t\t<\/div>\n\t\t\t\t<\/div>\n\t\t\t\t\t<\/div>\n\t\t<\/div>\n\t\t\t\t\t<\/div>\n\t\t<\/section>\n\t\t\t\t<section class=\"elementor-section elementor-inner-section elementor-element elementor-element-5895a914 elementor-section-boxed elementor-section-height-default elementor-section-height-default\" data-id=\"5895a914\" data-element_type=\"section\" id=\"dia16\" data-settings=\"{&quot;_ha_eqh_enable&quot;:false}\">\n\t\t\t\t\t\t<div class=\"elementor-container elementor-column-gap-default\">\n\t\t\t\t\t<div class=\"elementor-column elementor-col-50 elementor-inner-column elementor-element elementor-element-1e899ce0\" data-id=\"1e899ce0\" data-element_type=\"column\">\n\t\t\t<div class=\"elementor-widget-wrap elementor-element-populated\">\n\t\t\t\t\t\t<div class=\"elementor-element elementor-element-5c3ee0ae elementor-widget elementor-widget-heading\" data-id=\"5c3ee0ae\" data-element_type=\"widget\" data-widget_type=\"heading.default\">\n\t\t\t\t<div class=\"elementor-widget-container\">\n\t\t\t<h3 class=\"elementor-heading-title elementor-size-default\">Alquimia y Transformaci\u00f3n\n\n<\/h3>\t\t<\/div>\n\t\t\t\t<\/div>\n\t\t\t\t<div class=\"elementor-element elementor-element-547ad36 elementor-widget elementor-widget-video\" data-id=\"547ad36\" data-element_type=\"widget\" data-settings=\"{&quot;youtube_url&quot;:&quot;https:\\\/\\\/youtu.be\\\/ApMhdOJ7YZE&quot;,&quot;show_image_overlay&quot;:&quot;yes&quot;,&quot;image_overlay&quot;:{&quot;url&quot;:&quot;https:\\\/\\\/flordeamorbydevadaya.com.br\\\/wp-content\\\/uploads\\\/2022\\\/02\\\/IMG_8393-scaled.jpg&quot;,&quot;id&quot;:4720,&quot;size&quot;:&quot;&quot;,&quot;alt&quot;:&quot;florais-deva-daya&quot;,&quot;source&quot;:&quot;library&quot;},&quot;video_type&quot;:&quot;youtube&quot;,&quot;controls&quot;:&quot;yes&quot;}\" data-widget_type=\"video.default\">\n\t\t\t\t<div class=\"elementor-widget-container\">\n\t\t\t\t\t<div class=\"elementor-wrapper elementor-open-inline\">\n\t\t\t<div class=\"elementor-video\"><\/div>\t\t\t\t<div class=\"elementor-custom-embed-image-overlay\" style=\"background-image: url(https:\/\/flordeamorbydevadaya.com.br\/wp-content\/uploads\/2022\/02\/IMG_8393-scaled.jpg);\">\n\t\t\t\t\t\t\t\t\t\t\t\t\t\t\t\t<div class=\"elementor-custom-embed-play\" role=\"button\" aria-label=\"Play Video about florais-deva-daya\" tabindex=\"0\">\n\t\t\t\t\t\t\t<i aria-hidden=\"true\" class=\"eicon-play\"><\/i>\t\t\t\t\t\t\t<span class=\"elementor-screen-only\">Play Video about florais-deva-daya<\/span>\n\t\t\t\t\t\t<\/div>\n\t\t\t\t\t\t\t\t\t<\/div>\n\t\t\t\t\t<\/div>\n\t\t\t\t<\/div>\n\t\t\t\t<\/div>\n\t\t\t\t\t<\/div>\n\t\t<\/div>\n\t\t\t\t<div class=\"elementor-column elementor-col-50 elementor-inner-column elementor-element elementor-element-65f020ba\" data-id=\"65f020ba\" data-element_type=\"column\">\n\t\t\t<div class=\"elementor-widget-wrap elementor-element-populated\">\n\t\t\t\t\t\t<div class=\"elementor-element elementor-element-1ac4b567 elementor-widget elementor-widget-heading\" data-id=\"1ac4b567\" data-element_type=\"widget\" data-widget_type=\"heading.default\">\n\t\t\t\t<div class=\"elementor-widget-container\">\n\t\t\t<span class=\"elementor-heading-title elementor-size-default\">\u00bfQuieres aprender m\u00e1s? <br>Haz clic en el video para ver la CLASE GRATUITA en la que Deva Daya explica las bases alqu\u00edmicas del Sistema Floral Flor de Amor.<br>\n\nLuego, si te ha gustado, haz clic en el bot\u00f3n de abajo para completar tu Formaci\u00f3n integral de Alquimista Floral.<\/span>\t\t<\/div>\n\t\t\t\t<\/div>\n\t\t\t\t\t<\/div>\n\t\t<\/div>\n\t\t\t\t\t<\/div>\n\t\t<\/section>\n\t\t\t\t<div class=\"elementor-element elementor-element-71cb28c elementor-align-center elementor-widget elementor-widget-button\" data-id=\"71cb28c\" data-element_type=\"widget\" data-widget_type=\"button.default\">\n\t\t\t\t<div class=\"elementor-widget-container\">\n\t\t\t\t\t<div class=\"elementor-button-wrapper\">\n\t\t\t<a class=\"elementor-button elementor-button-link elementor-size-xl\" href=\"https:\/\/flordeamorbydevadaya.com.br\/es\/curso-alquimia-dos-florais\/\">\n\t\t\t\t\t\t<span class=\"elementor-button-content-wrapper\">\n\t\t\t\t\t\t\t\t\t<span class=\"elementor-button-text\">FORMACI\u00d3N DE ALQUIMIA FLORAL<\/span>\n\t\t\t\t\t<\/span>\n\t\t\t\t\t<\/a>\n\t\t<\/div>\n\t\t\t\t<\/div>\n\t\t\t\t<\/div>\n\t\t\t\t\t<\/div>\n\t\t<\/div>\n\t\t\t\t\t<\/div>\n\t\t<\/section>\n\t\t\t\t<\/div>","protected":false},"excerpt":{"rendered":"<p>selecione idioma AULA GRATUITA Alquimia e Transforma\u00e7\u00e3o Assista a esta aula gratuita com Deva Daya e, assim, entenda mais sobre as bases alqu\u00edmicas dos Florais Flor de Amor. Como fazer uma f\u00f3rmula floral Com o prop\u00f3sito de demonstrar que \u00e9 f\u00e1cil aprender a Arte da Alquimia; Deva Daya, a criadora dos Florais Flor de Amor, [&hellip;]<\/p>","protected":false},"author":4,"featured_media":4720,"parent":0,"menu_order":0,"comment_status":"closed","ping_status":"closed","template":"elementor_canvas","meta":{"footnotes":""},"yst_prominent_words":[],"class_list":["post-6111","page","type-page","status-publish","has-post-thumbnail","hentry"],"_links":{"self":[{"href":"https:\/\/flordeamorbydevadaya.com.br\/es\/wp-json\/wp\/v2\/pages\/6111"}],"collection":[{"href":"https:\/\/flordeamorbydevadaya.com.br\/es\/wp-json\/wp\/v2\/pages"}],"about":[{"href":"https:\/\/flordeamorbydevadaya.com.br\/es\/wp-json\/wp\/v2\/types\/page"}],"author":[{"embeddable":true,"href":"https:\/\/flordeamorbydevadaya.com.br\/es\/wp-json\/wp\/v2\/users\/4"}],"replies":[{"embeddable":true,"href":"https:\/\/flordeamorbydevadaya.com.br\/es\/wp-json\/wp\/v2\/comments?post=6111"}],"version-history":[{"count":239,"href":"https:\/\/flordeamorbydevadaya.com.br\/es\/wp-json\/wp\/v2\/pages\/6111\/revisions"}],"predecessor-version":[{"id":18552,"href":"https:\/\/flordeamorbydevadaya.com.br\/es\/wp-json\/wp\/v2\/pages\/6111\/revisions\/18552"}],"wp:featuredmedia":[{"embeddable":true,"href":"https:\/\/flordeamorbydevadaya.com.br\/es\/wp-json\/wp\/v2\/media\/4720"}],"wp:attachment":[{"href":"https:\/\/flordeamorbydevadaya.com.br\/es\/wp-json\/wp\/v2\/media?parent=6111"}],"wp:term":[{"taxonomy":"yst_prominent_words","embeddable":true,"href":"https:\/\/flordeamorbydevadaya.com.br\/es\/wp-json\/wp\/v2\/yst_prominent_words?post=6111"}],"curies":[{"name":"wp","href":"https:\/\/api.w.org\/{rel}","templated":true}]}}