{"id":20738,"date":"2026-01-25T10:18:35","date_gmt":"2026-01-25T13:18:35","guid":{"rendered":"https:\/\/flordeamorbydevadaya.com.br\/?page_id=20738"},"modified":"2026-03-09T14:28:19","modified_gmt":"2026-03-09T17:28:19","slug":"cura-do-amor","status":"publish","type":"page","link":"https:\/\/flordeamorbydevadaya.com.br\/es\/cursos-terapia-floral\/cura-do-amor\/","title":{"rendered":"Cura del Amor"},"content":{"rendered":"<div data-elementor-type=\"wp-page\" data-elementor-id=\"20738\" class=\"elementor elementor-20738\" data-elementor-post-type=\"page\">\n\t\t\t\t\t\t<section class=\"elementor-section elementor-top-section elementor-element elementor-element-7ca54b52 elementor-section-stretched elementor-section-boxed elementor-section-height-default elementor-section-height-default\" data-id=\"7ca54b52\" data-element_type=\"section\" data-settings=\"{&quot;background_background&quot;:&quot;classic&quot;,&quot;stretch_section&quot;:&quot;section-stretched&quot;,&quot;_ha_eqh_enable&quot;:false}\">\n\t\t\t\t\t\t<div class=\"elementor-container elementor-column-gap-default\">\n\t\t\t\t\t<div class=\"elementor-column elementor-col-100 elementor-top-column elementor-element elementor-element-55545e90\" data-id=\"55545e90\" data-element_type=\"column\">\n\t\t\t<div class=\"elementor-widget-wrap elementor-element-populated\">\n\t\t\t\t\t\t<div class=\"elementor-element elementor-element-1d927d23 elementor-widget elementor-widget-heading\" data-id=\"1d927d23\" data-element_type=\"widget\" data-widget_type=\"heading.default\">\n\t\t\t\t<div class=\"elementor-widget-container\">\n\t\t\t<h2 class=\"elementor-heading-title elementor-size-default\">La Cura del Amor<\/h2>\t\t<\/div>\n\t\t\t\t<\/div>\n\t\t\t\t<section class=\"elementor-section elementor-inner-section elementor-element elementor-element-de40d91 elementor-section-boxed elementor-section-height-default elementor-section-height-default\" data-id=\"de40d91\" data-element_type=\"section\" data-settings=\"{&quot;_ha_eqh_enable&quot;:false}\">\n\t\t\t\t\t\t<div class=\"elementor-container elementor-column-gap-default\">\n\t\t\t\t\t<div class=\"elementor-column elementor-col-25 elementor-inner-column elementor-element elementor-element-721d210\" data-id=\"721d210\" data-element_type=\"column\">\n\t\t\t<div class=\"elementor-widget-wrap\">\n\t\t\t\t\t\t\t<\/div>\n\t\t<\/div>\n\t\t\t\t<div class=\"elementor-column elementor-col-25 elementor-inner-column elementor-element elementor-element-1c6bcb6\" data-id=\"1c6bcb6\" data-element_type=\"column\">\n\t\t\t<div class=\"elementor-widget-wrap elementor-element-populated\">\n\t\t\t\t\t\t<div class=\"elementor-element elementor-element-dfcdb96 elementor-widget elementor-widget-image\" data-id=\"dfcdb96\" data-element_type=\"widget\" data-widget_type=\"image.default\">\n\t\t\t\t<div class=\"elementor-widget-container\">\n\t\t\t\t\t\t\t\t\t\t\t\t\t<img fetchpriority=\"high\" decoding=\"async\" width=\"300\" height=\"300\" src=\"https:\/\/flordeamorbydevadaya.com.br\/wp-content\/uploads\/2026\/01\/Flyer-Cura-do-Amor-300x300.png\" class=\"attachment-medium size-medium wp-image-20849\" alt=\"\" srcset=\"https:\/\/flordeamorbydevadaya.com.br\/wp-content\/uploads\/2026\/01\/Flyer-Cura-do-Amor-300x300.png 300w, https:\/\/flordeamorbydevadaya.com.br\/wp-content\/uploads\/2026\/01\/Flyer-Cura-do-Amor-150x150.png 150w, https:\/\/flordeamorbydevadaya.com.br\/wp-content\/uploads\/2026\/01\/Flyer-Cura-do-Amor-12x12.png 12w, https:\/\/flordeamorbydevadaya.com.br\/wp-content\/uploads\/2026\/01\/Flyer-Cura-do-Amor.png 600w\" sizes=\"(max-width: 300px) 100vw, 300px\" \/>\t\t\t\t\t\t\t\t\t\t\t\t\t<\/div>\n\t\t\t\t<\/div>\n\t\t\t\t\t<\/div>\n\t\t<\/div>\n\t\t\t\t<div class=\"elementor-column elementor-col-25 elementor-inner-column elementor-element elementor-element-e1589c4\" data-id=\"e1589c4\" data-element_type=\"column\">\n\t\t\t<div class=\"elementor-widget-wrap elementor-element-populated\">\n\t\t\t\t\t\t<div class=\"elementor-element elementor-element-91d8175 elementor-widget elementor-widget-heading\" data-id=\"91d8175\" data-element_type=\"widget\" data-widget_type=\"heading.default\">\n\t\t\t\t<div class=\"elementor-widget-container\">\n\t\t\t<h4 class=\"elementor-heading-title elementor-size-default\">Aprende t\u00e9cnicas de sanaci\u00f3n avanzadas.<\/h4>\t\t<\/div>\n\t\t\t\t<\/div>\n\t\t\t\t<div class=\"elementor-element elementor-element-07b10ce elementor-widget elementor-widget-text-editor\" data-id=\"07b10ce\" data-element_type=\"widget\" data-widget_type=\"text-editor.default\">\n\t\t\t\t<div class=\"elementor-widget-container\">\n\t\t\t\t\t\t\t<p><span style=\"color: var( --e-global-color-text ); font-family: var( --e-global-typography-text-font-family ), Sans-serif; font-weight: var( --e-global-typography-text-font-weight ); font-size: 1rem;\">\u00a1Obt\u00e9n el conocimiento y las herramientas para restaurar el equilibrio del cuerpo de luz de manera simple y efectiva!\u00a0<\/span><\/p><p>Prerrequisito: curso grabado <strong>El Cuerpo de Luz<\/strong>.<\/p><p><b>Bonus:\u00a0<\/b>recibe autorizaci\u00f3n para <strong>ense\u00f1ar<\/strong> la t\u00e9cnica.<\/p><p>Incluye <strong>material y floral<\/strong> de regalo.<\/p>\t\t\t\t\t\t<\/div>\n\t\t\t\t<\/div>\n\t\t\t\t<div class=\"elementor-element elementor-element-e00dc2e elementor-align-left elementor-widget elementor-widget-button\" data-id=\"e00dc2e\" data-element_type=\"widget\" data-widget_type=\"button.default\">\n\t\t\t\t<div class=\"elementor-widget-container\">\n\t\t\t\t\t<div class=\"elementor-button-wrapper\">\n\t\t\t<a class=\"elementor-button elementor-button-link elementor-size-lg\" href=\"#mentoria\">\n\t\t\t\t\t\t<span class=\"elementor-button-content-wrapper\">\n\t\t\t\t\t\t\t\t\t<span class=\"elementor-button-text\">S\u00cd! QUIERO PARTICIPAR.<\/span>\n\t\t\t\t\t<\/span>\n\t\t\t\t\t<\/a>\n\t\t<\/div>\n\t\t\t\t<\/div>\n\t\t\t\t<\/div>\n\t\t\t\t\t<\/div>\n\t\t<\/div>\n\t\t\t\t<div class=\"elementor-column elementor-col-25 elementor-inner-column elementor-element elementor-element-59df117\" data-id=\"59df117\" data-element_type=\"column\">\n\t\t\t<div class=\"elementor-widget-wrap\">\n\t\t\t\t\t\t\t<\/div>\n\t\t<\/div>\n\t\t\t\t\t<\/div>\n\t\t<\/section>\n\t\t\t\t<section class=\"elementor-section elementor-inner-section elementor-element elementor-element-08dd707 elementor-section-boxed elementor-section-height-default elementor-section-height-default\" data-id=\"08dd707\" data-element_type=\"section\" data-settings=\"{&quot;_ha_eqh_enable&quot;:false}\">\n\t\t\t\t\t\t<div class=\"elementor-container elementor-column-gap-default\">\n\t\t\t\t\t<div class=\"elementor-column elementor-col-100 elementor-inner-column elementor-element elementor-element-ec57439\" data-id=\"ec57439\" data-element_type=\"column\">\n\t\t\t<div class=\"elementor-widget-wrap elementor-element-populated\">\n\t\t\t\t\t\t<div class=\"elementor-element elementor-element-024044a elementor-widget elementor-widget-heading\" data-id=\"024044a\" data-element_type=\"widget\" data-widget_type=\"heading.default\">\n\t\t\t\t<div class=\"elementor-widget-container\">\n\t\t\t<h2 class=\"elementor-heading-title elementor-size-default\">El Curso<\/h2>\t\t<\/div>\n\t\t\t\t<\/div>\n\t\t\t\t<div class=\"elementor-element elementor-element-068e2cd elementor-widget__width-initial elementor-widget elementor-widget-text-editor\" data-id=\"068e2cd\" data-element_type=\"widget\" data-widget_type=\"text-editor.default\">\n\t\t\t\t<div class=\"elementor-widget-container\">\n\t\t\t\t\t\t\t<p>En este curso aprender\u00e1s t\u00e9cnicas avanzadas de sanaci\u00f3n energ\u00e9tica.<\/p><p>He trabajado arduamente para traer esta sanaci\u00f3n; para que las personas comunes tengan en sus manos una herramienta para restaurar el equilibrio de su cuerpo de luz, de una manera simple y eficaz.<\/p><p>Ha llegado una \u00e9poca en la Tierra en la que estaremos permanentemente en transformaci\u00f3n. Y si bien eso es necesario para nuestra evoluci\u00f3n, es extremadamente dif\u00edcil de sobrellevar.<\/p><p>Al entregar la Cura del Amor para que todas y todosaprendan y ense\u00f1en, estoy compartiendo mi riqueza.<\/p><p>Muchos a\u00f1os (y muchas vidas) he llevado para desarrollar y afinar este instrumento de sanaci\u00f3n.<\/p><p>Si te animas, aprende conmigo, \u00a1ense\u00f1a a los que puedas!<\/p><p>Este es el momento de ser parte de la soluci\u00f3n; de ayudar a nuestra familia humana a transitar por este momento y trascender el malestar f\u00edsico, emocional y mental que genera esta transformaci\u00f3n acelerada que estamos viviendo.<\/p><p><strong><em>\u00a1El amor es la cura!<\/em><\/strong><\/p><p><em>Deva Daya<\/em><\/p>\t\t\t\t\t\t<\/div>\n\t\t\t\t<\/div>\n\t\t\t\t\t<\/div>\n\t\t<\/div>\n\t\t\t\t\t<\/div>\n\t\t<\/section>\n\t\t\t\t<section class=\"elementor-section elementor-inner-section elementor-element elementor-element-9a0b5dc elementor-section-boxed elementor-section-height-default elementor-section-height-default\" data-id=\"9a0b5dc\" data-element_type=\"section\" data-settings=\"{&quot;_ha_eqh_enable&quot;:false}\">\n\t\t\t\t\t\t<div class=\"elementor-container elementor-column-gap-default\">\n\t\t\t\t\t<div class=\"elementor-column elementor-col-50 elementor-inner-column elementor-element elementor-element-a1f0598\" data-id=\"a1f0598\" data-element_type=\"column\">\n\t\t\t<div class=\"elementor-widget-wrap elementor-element-populated\">\n\t\t\t\t\t\t<div class=\"elementor-element elementor-element-4838d95 elementor-widget elementor-widget-image\" data-id=\"4838d95\" data-element_type=\"widget\" data-widget_type=\"image.default\">\n\t\t\t\t<div class=\"elementor-widget-container\">\n\t\t\t\t\t\t\t\t\t\t\t\t\t<img decoding=\"async\" width=\"800\" height=\"1000\" src=\"https:\/\/flordeamorbydevadaya.com.br\/wp-content\/uploads\/2026\/01\/Chakras-Cura-do-Amor-819x1024.png\" class=\"attachment-large size-large wp-image-20888\" alt=\"chakras cura do amor\" srcset=\"https:\/\/flordeamorbydevadaya.com.br\/wp-content\/uploads\/2026\/01\/Chakras-Cura-do-Amor-819x1024.png 819w, https:\/\/flordeamorbydevadaya.com.br\/wp-content\/uploads\/2026\/01\/Chakras-Cura-do-Amor-240x300.png 240w, https:\/\/flordeamorbydevadaya.com.br\/wp-content\/uploads\/2026\/01\/Chakras-Cura-do-Amor-768x960.png 768w, https:\/\/flordeamorbydevadaya.com.br\/wp-content\/uploads\/2026\/01\/Chakras-Cura-do-Amor-10x12.png 10w, https:\/\/flordeamorbydevadaya.com.br\/wp-content\/uploads\/2026\/01\/Chakras-Cura-do-Amor.png 1080w\" sizes=\"(max-width: 800px) 100vw, 800px\" \/>\t\t\t\t\t\t\t\t\t\t\t\t\t<\/div>\n\t\t\t\t<\/div>\n\t\t\t\t\t<\/div>\n\t\t<\/div>\n\t\t\t\t<div class=\"elementor-column elementor-col-50 elementor-inner-column elementor-element elementor-element-9a2e34c\" data-id=\"9a2e34c\" data-element_type=\"column\">\n\t\t\t<div class=\"elementor-widget-wrap elementor-element-populated\">\n\t\t\t\t\t\t<div class=\"elementor-element elementor-element-9624b56 elementor-widget__width-initial elementor-widget elementor-widget-heading\" data-id=\"9624b56\" data-element_type=\"widget\" data-widget_type=\"heading.default\">\n\t\t\t\t<div class=\"elementor-widget-container\">\n\t\t\t<h2 class=\"elementor-heading-title elementor-size-default\">La Cura del Amor<\/h2>\t\t<\/div>\n\t\t\t\t<\/div>\n\t\t\t\t<div class=\"elementor-element elementor-element-2d4ca11 elementor-widget elementor-widget-text-editor\" data-id=\"2d4ca11\" data-element_type=\"widget\" data-widget_type=\"text-editor.default\">\n\t\t\t\t<div class=\"elementor-widget-container\">\n\t\t\t\t\t\t\t<p>La Cura del Amor es una t\u00e9cnica de sanaci\u00f3n para armonizar la red de energ\u00eda del cuerpo de luz y restaurar la conexi\u00f3n con la fuente de vitalidad que est\u00e1 en la Tierra.<\/p><p>Este m\u00e9todo trae como resultado la sanaci\u00f3n de estados desarm\u00f3nicos de salud mental, emocional, f\u00edsica y hasta vincular.<\/p><p>Todo comienza y termina en la energ\u00eda. As\u00ed, es transformando nuestra energ\u00eda, que transformamos nuestras vidas. Las relaciones tambi\u00e9n est\u00e1n permeadas por la calidad del flujo de energ\u00eda entre los seres. Por esto, si transformamos nuestra energ\u00eda, restauramos el equilibrio de nuestros v\u00ednculos.<\/p>\t\t\t\t\t\t<\/div>\n\t\t\t\t<\/div>\n\t\t\t\t\t<\/div>\n\t\t<\/div>\n\t\t\t\t\t<\/div>\n\t\t<\/section>\n\t\t\t\t\t<\/div>\n\t\t<\/div>\n\t\t\t\t\t<\/div>\n\t\t<\/section>\n\t\t\t\t<section class=\"elementor-section elementor-top-section elementor-element elementor-element-409f04fb elementor-section-stretched elementor-section-boxed elementor-section-height-default elementor-section-height-default\" data-id=\"409f04fb\" data-element_type=\"section\" data-settings=\"{&quot;background_background&quot;:&quot;classic&quot;,&quot;stretch_section&quot;:&quot;section-stretched&quot;,&quot;_ha_eqh_enable&quot;:false}\">\n\t\t\t\t\t\t<div class=\"elementor-container elementor-column-gap-default\">\n\t\t\t\t\t<div class=\"elementor-column elementor-col-100 elementor-top-column elementor-element elementor-element-7d7a7c26\" data-id=\"7d7a7c26\" data-element_type=\"column\">\n\t\t\t<div class=\"elementor-widget-wrap elementor-element-populated\">\n\t\t\t\t\t\t<div class=\"elementor-element elementor-element-2f34115 elementor-widget elementor-widget-heading\" data-id=\"2f34115\" data-element_type=\"widget\" data-widget_type=\"heading.default\">\n\t\t\t\t<div class=\"elementor-widget-container\">\n\t\t\t<h2 class=\"elementor-heading-title elementor-size-default\">Requisito previo<\/h2>\t\t<\/div>\n\t\t\t\t<\/div>\n\t\t\t\t<div class=\"elementor-element elementor-element-04ad124 elementor-widget elementor-widget-text-editor\" data-id=\"04ad124\" data-element_type=\"widget\" data-widget_type=\"text-editor.default\">\n\t\t\t\t<div class=\"elementor-widget-container\">\n\t\t\t\t\t\t\t<p>Toma las clases grabadas que te ense\u00f1an el<a href=\"https:\/\/hotmart.com\/pt-br\/marketplace\/produtos\/o-corpo-de-luz\/U103960719G\"><strong> Cuerpo de Luz<\/strong><\/a>.<\/p>\t\t\t\t\t\t<\/div>\n\t\t\t\t<\/div>\n\t\t\t\t<div class=\"elementor-element elementor-element-b9f41c0 elementor-widget elementor-widget-heading\" data-id=\"b9f41c0\" data-element_type=\"widget\" data-widget_type=\"heading.default\">\n\t\t\t\t<div class=\"elementor-widget-container\">\n\t\t\t<h2 class=\"elementor-heading-title elementor-size-default\">Recibir\u00e1s<\/h2>\t\t<\/div>\n\t\t\t\t<\/div>\n\t\t\t\t<div class=\"elementor-element elementor-element-b3d3ad0 elementor-widget elementor-widget-text-editor\" data-id=\"b3d3ad0\" data-element_type=\"widget\" data-widget_type=\"text-editor.default\">\n\t\t\t\t<div class=\"elementor-widget-container\">\n\t\t\t\t\t\t\t<ul><li><strong>Certificado<\/strong> de participaci\u00f3n<\/li><li><b>Material <\/b>de apoyo<\/li><li><span style=\"background-color: transparent;\">1 <\/span><strong style=\"background-color: transparent;\">floral<\/strong><\/li><li>Autorizaci\u00f3n para <strong>aplicar y ense\u00f1ar<\/strong> la t\u00e9cnica<\/li><\/ul>\t\t\t\t\t\t<\/div>\n\t\t\t\t<\/div>\n\t\t\t\t<div class=\"elementor-element elementor-element-5030ca7c elementor-widget elementor-widget-heading\" data-id=\"5030ca7c\" data-element_type=\"widget\" data-widget_type=\"heading.default\">\n\t\t\t\t<div class=\"elementor-widget-container\">\n\t\t\t<h2 class=\"elementor-heading-title elementor-size-default\">Para participar es necesario<\/h2>\t\t<\/div>\n\t\t\t\t<\/div>\n\t\t\t\t<div class=\"elementor-element elementor-element-3f2d5169 elementor-widget elementor-widget-text-editor\" data-id=\"3f2d5169\" data-element_type=\"widget\" data-widget_type=\"text-editor.default\">\n\t\t\t\t<div class=\"elementor-widget-container\">\n\t\t\t\t\t\t\t<ul><li>Registrarse, pagar y confirmar el pago.<\/li><li>Actitud de amor y respeto<\/li><li>Bol\u00edgrafo y cuaderno para anotaciones del curso.<\/li><li>Tomar las clases grabadas que te ense\u00f1an el<a href=\"https:\/\/hotmart.com\/pt-br\/marketplace\/produtos\/o-corpo-de-luz\/U103960719G\"><strong> Cuerpo de Luz<\/strong><\/a><\/li><\/ul>\t\t\t\t\t\t<\/div>\n\t\t\t\t<\/div>\n\t\t\t\t\t<\/div>\n\t\t<\/div>\n\t\t\t\t\t<\/div>\n\t\t<\/section>\n\t\t\t\t<section class=\"elementor-section elementor-top-section elementor-element elementor-element-300479df elementor-section-stretched elementor-section-boxed elementor-section-height-default elementor-section-height-default\" data-id=\"300479df\" data-element_type=\"section\" data-settings=\"{&quot;stretch_section&quot;:&quot;section-stretched&quot;,&quot;background_background&quot;:&quot;classic&quot;,&quot;_ha_eqh_enable&quot;:false}\">\n\t\t\t\t\t\t<div class=\"elementor-container elementor-column-gap-default\">\n\t\t\t\t\t<div class=\"elementor-column elementor-col-100 elementor-top-column elementor-element elementor-element-6644472b\" data-id=\"6644472b\" data-element_type=\"column\">\n\t\t\t<div class=\"elementor-widget-wrap elementor-element-populated\">\n\t\t\t\t\t\t<div class=\"elementor-element elementor-element-41ff1fe elementor-widget elementor-widget-heading\" data-id=\"41ff1fe\" data-element_type=\"widget\" data-widget_type=\"heading.default\">\n\t\t\t\t<div class=\"elementor-widget-container\">\n\t\t\t<h2 class=\"elementor-heading-title elementor-size-default\">Contenido de las clases<\/h2>\t\t<\/div>\n\t\t\t\t<\/div>\n\t\t\t\t<div class=\"elementor-element elementor-element-3e24270 elementor-widget elementor-widget-toggle\" data-id=\"3e24270\" data-element_type=\"widget\" data-widget_type=\"toggle.default\">\n\t\t\t\t<div class=\"elementor-widget-container\">\n\t\t\t\t\t<div class=\"elementor-toggle\">\n\t\t\t\t\t\t\t<div class=\"elementor-toggle-item\">\n\t\t\t\t\t<div id=\"elementor-tab-title-6511\" class=\"elementor-tab-title\" data-tab=\"1\" role=\"button\" aria-controls=\"elementor-tab-content-6511\" aria-expanded=\"false\">\n\t\t\t\t\t\t\t\t\t\t\t\t<span class=\"elementor-toggle-icon elementor-toggle-icon-left\" aria-hidden=\"true\">\n\t\t\t\t\t\t\t\t\t\t\t\t\t\t\t<span class=\"elementor-toggle-icon-closed\"><i class=\"fas fa-plus\"><\/i><\/span>\n\t\t\t\t\t\t\t\t<span class=\"elementor-toggle-icon-opened\"><i class=\"elementor-toggle-icon-opened fas fa-minus\"><\/i><\/span>\n\t\t\t\t\t\t\t\t\t\t\t\t\t<\/span>\n\t\t\t\t\t\t\t\t\t\t\t\t<a class=\"elementor-toggle-title\" tabindex=\"0\">1. El Cuerpo de Luz<\/a>\n\t\t\t\t\t<\/div>\n\n\t\t\t\t\t<div id=\"elementor-tab-content-6511\" class=\"elementor-tab-content elementor-clearfix\" data-tab=\"1\" role=\"region\" aria-labelledby=\"elementor-tab-title-6511\"><p><strong>Mira las 3 clases grabadas en Hotmart: <\/strong><a href=\"https:\/\/hotmart.com\/pt-br\/marketplace\/produtos\/o-corpo-de-luz\/U103960719G\">https:\/\/hotmart.com\/pt-br\/marketplace\/produtos\/o-corpo-de-luz\/U103960719G<\/a><\/p><ul><li>Los cuerpos<\/li><li>Cruces<\/li><li>Chakras o puntos de conexi\u00f3n.<\/li><li>Interconexiones<\/li><li>Flujo de la energ\u00eda<\/li><li>Efecto de las esencias florales en el cuerpo de luz<\/li><li>C\u00f3mo sanar el Cuerpo de Luz<\/li><\/ul><\/div>\n\t\t\t\t<\/div>\n\t\t\t\t\t\t\t<div class=\"elementor-toggle-item\">\n\t\t\t\t\t<div id=\"elementor-tab-title-6512\" class=\"elementor-tab-title\" data-tab=\"2\" role=\"button\" aria-controls=\"elementor-tab-content-6512\" aria-expanded=\"false\">\n\t\t\t\t\t\t\t\t\t\t\t\t<span class=\"elementor-toggle-icon elementor-toggle-icon-left\" aria-hidden=\"true\">\n\t\t\t\t\t\t\t\t\t\t\t\t\t\t\t<span class=\"elementor-toggle-icon-closed\"><i class=\"fas fa-plus\"><\/i><\/span>\n\t\t\t\t\t\t\t\t<span class=\"elementor-toggle-icon-opened\"><i class=\"elementor-toggle-icon-opened fas fa-minus\"><\/i><\/span>\n\t\t\t\t\t\t\t\t\t\t\t\t\t<\/span>\n\t\t\t\t\t\t\t\t\t\t\t\t<a class=\"elementor-toggle-title\" tabindex=\"0\">2. Entrenamiento en vivo<\/a>\n\t\t\t\t\t<\/div>\n\n\t\t\t\t\t<div id=\"elementor-tab-content-6512\" class=\"elementor-tab-content elementor-clearfix\" data-tab=\"2\" role=\"region\" aria-labelledby=\"elementor-tab-title-6512\"><ul><li>El Amor es la Llave<\/li><li>Recibiendo la Consagraci\u00f3n<\/li><li>Oraci\u00f3n para atender<\/li><li>Aplicando la Cura do Amor<\/li><li>\u00c9tica: consejos para el \u00e9xito<\/li><li>Cadena del bien<\/li><\/ul><\/div>\n\t\t\t\t<\/div>\n\t\t\t\t\t\t\t\t<\/div>\n\t\t\t\t<\/div>\n\t\t\t\t<\/div>\n\t\t\t\t\t<\/div>\n\t\t<\/div>\n\t\t\t\t\t<\/div>\n\t\t<\/section>\n\t\t\t\t<section class=\"elementor-section elementor-top-section elementor-element elementor-element-15510069 elementor-section-stretched elementor-section-boxed elementor-section-height-default elementor-section-height-default\" data-id=\"15510069\" data-element_type=\"section\" data-settings=\"{&quot;background_background&quot;:&quot;classic&quot;,&quot;stretch_section&quot;:&quot;section-stretched&quot;,&quot;_ha_eqh_enable&quot;:false}\">\n\t\t\t\t\t\t<div class=\"elementor-container elementor-column-gap-default\">\n\t\t\t\t\t<div class=\"elementor-column elementor-col-100 elementor-top-column elementor-element elementor-element-4d74b92\" data-id=\"4d74b92\" data-element_type=\"column\">\n\t\t\t<div class=\"elementor-widget-wrap\">\n\t\t\t\t\t\t\t<\/div>\n\t\t<\/div>\n\t\t\t\t\t<\/div>\n\t\t<\/section>\n\t\t\t\t<section class=\"elementor-section elementor-top-section elementor-element elementor-element-4123811 elementor-section-boxed elementor-section-height-default elementor-section-height-default\" data-id=\"4123811\" data-element_type=\"section\" data-settings=\"{&quot;_ha_eqh_enable&quot;:false}\">\n\t\t\t\t\t\t<div class=\"elementor-container elementor-column-gap-default\">\n\t\t\t\t\t<div class=\"elementor-column elementor-col-100 elementor-top-column elementor-element elementor-element-d25030d\" data-id=\"d25030d\" data-element_type=\"column\">\n\t\t\t<div class=\"elementor-widget-wrap elementor-element-populated\">\n\t\t\t\t\t\t<section class=\"elementor-section elementor-inner-section elementor-element elementor-element-08ea3da elementor-section-boxed elementor-section-height-default elementor-section-height-default\" data-id=\"08ea3da\" data-element_type=\"section\" id=\"mentoria\" data-settings=\"{&quot;_ha_eqh_enable&quot;:false}\">\n\t\t\t\t\t\t<div class=\"elementor-container elementor-column-gap-default\">\n\t\t\t\t\t<div class=\"elementor-column elementor-col-100 elementor-inner-column elementor-element elementor-element-60ea7bd\" data-id=\"60ea7bd\" data-element_type=\"column\" data-settings=\"{&quot;background_background&quot;:&quot;classic&quot;}\">\n\t\t\t<div class=\"elementor-widget-wrap elementor-element-populated\">\n\t\t\t\t\t\t<div class=\"elementor-element elementor-element-b39ddfb elementor-widget elementor-widget-heading\" data-id=\"b39ddfb\" data-element_type=\"widget\" data-widget_type=\"heading.default\">\n\t\t\t\t<div class=\"elementor-widget-container\">\n\t\t\t<h2 class=\"elementor-heading-title elementor-size-default\">Cura del Amor<\/h2>\t\t<\/div>\n\t\t\t\t<\/div>\n\t\t\t\t<div class=\"elementor-element elementor-element-6db3997 elementor-widget elementor-widget-heading\" data-id=\"6db3997\" data-element_type=\"widget\" data-widget_type=\"heading.default\">\n\t\t\t\t<div class=\"elementor-widget-container\">\n\t\t\t<h2 class=\"elementor-heading-title elementor-size-default\">consulta forma de pago<\/h2>\t\t<\/div>\n\t\t\t\t<\/div>\n\t\t\t\t<div class=\"elementor-element elementor-element-db73120 elementor-widget elementor-widget-heading\" data-id=\"db73120\" data-element_type=\"widget\" data-widget_type=\"heading.default\">\n\t\t\t\t<div class=\"elementor-widget-container\">\n\t\t\t<h2 class=\"elementor-heading-title elementor-size-default\">R$ 630<\/h2>\t\t<\/div>\n\t\t\t\t<\/div>\n\t\t\t\t<div class=\"elementor-element elementor-element-1771d54 elementor-widget elementor-widget-heading\" data-id=\"1771d54\" data-element_type=\"widget\" data-widget_type=\"heading.default\">\n\t\t\t\t<div class=\"elementor-widget-container\">\n\t\t\t<h2 class=\"elementor-heading-title elementor-size-default\">incluye kit<\/h2>\t\t<\/div>\n\t\t\t\t<\/div>\n\t\t\t\t<div class=\"elementor-element elementor-element-6cefcff3 elementor-align-center elementor-mobile-align-center elementor-widget elementor-widget-button\" data-id=\"6cefcff3\" data-element_type=\"widget\" data-widget_type=\"button.default\">\n\t\t\t\t<div class=\"elementor-widget-container\">\n\t\t\t\t\t<div class=\"elementor-button-wrapper\">\n\t\t\t<a class=\"elementor-button elementor-button-link elementor-size-lg\" href=\"https:\/\/api.whatsapp.com\/send?phone=5548991848044\" target=\"_blank\">\n\t\t\t\t\t\t<span class=\"elementor-button-content-wrapper\">\n\t\t\t\t\t\t\t\t\t<span class=\"elementor-button-text\">\u00a1S\u00cd! QUiERO APRENDER<\/span>\n\t\t\t\t\t<\/span>\n\t\t\t\t\t<\/a>\n\t\t<\/div>\n\t\t\t\t<\/div>\n\t\t\t\t<\/div>\n\t\t\t\t<div class=\"elementor-element elementor-element-39f6d09 elementor-widget elementor-widget-text-editor\" data-id=\"39f6d09\" data-element_type=\"widget\" data-widget_type=\"text-editor.default\">\n\t\t\t\t<div class=\"elementor-widget-container\">\n\t\t\t\t\t\t\t<p>Si no logras activar este bot\u00f3n,\u00a0<strong><a href=\"https:\/\/web.whatsapp.com\/send?phone=5548991848044&amp;text=\" target=\"_blank\" rel=\"noopener\">Haz clic aqu\u00ed!<\/a><\/strong><\/p>\t\t\t\t\t\t<\/div>\n\t\t\t\t<\/div>\n\t\t\t\t\t<\/div>\n\t\t<\/div>\n\t\t\t\t\t<\/div>\n\t\t<\/section>\n\t\t\t\t\t<\/div>\n\t\t<\/div>\n\t\t\t\t\t<\/div>\n\t\t<\/section>\n\t\t\t\t<\/div>","protected":false},"excerpt":{"rendered":"<p>A Cura do Amor Aprenda t\u00e9cnicas avan\u00e7adas de cura Obtenha aprendizado e ferramentas para poder restaurar o equil\u00edbrio do corpo de luz de forma simples e eficaz!\u00a0 Pr\u00e9-requisito: curso gravado O Corpo de Luz. B\u00f4nus:\u00a0receba autoriza\u00e7\u00e3o para ensinar a t\u00e9cnica. Inclui material e floral de presente. SIM! EU QUERO PARTICIPAR O Curso Nesse curso voc\u00ea [&hellip;]<\/p>","protected":false},"author":4,"featured_media":0,"parent":971,"menu_order":0,"comment_status":"closed","ping_status":"closed","template":"","meta":{"footnotes":""},"yst_prominent_words":[],"class_list":["post-20738","page","type-page","status-publish","hentry"],"_links":{"self":[{"href":"https:\/\/flordeamorbydevadaya.com.br\/es\/wp-json\/wp\/v2\/pages\/20738"}],"collection":[{"href":"https:\/\/flordeamorbydevadaya.com.br\/es\/wp-json\/wp\/v2\/pages"}],"about":[{"href":"https:\/\/flordeamorbydevadaya.com.br\/es\/wp-json\/wp\/v2\/types\/page"}],"author":[{"embeddable":true,"href":"https:\/\/flordeamorbydevadaya.com.br\/es\/wp-json\/wp\/v2\/users\/4"}],"replies":[{"embeddable":true,"href":"https:\/\/flordeamorbydevadaya.com.br\/es\/wp-json\/wp\/v2\/comments?post=20738"}],"version-history":[{"count":123,"href":"https:\/\/flordeamorbydevadaya.com.br\/es\/wp-json\/wp\/v2\/pages\/20738\/revisions"}],"predecessor-version":[{"id":20935,"href":"https:\/\/flordeamorbydevadaya.com.br\/es\/wp-json\/wp\/v2\/pages\/20738\/revisions\/20935"}],"up":[{"embeddable":true,"href":"https:\/\/flordeamorbydevadaya.com.br\/es\/wp-json\/wp\/v2\/pages\/971"}],"wp:attachment":[{"href":"https:\/\/flordeamorbydevadaya.com.br\/es\/wp-json\/wp\/v2\/media?parent=20738"}],"wp:term":[{"taxonomy":"yst_prominent_words","embeddable":true,"href":"https:\/\/flordeamorbydevadaya.com.br\/es\/wp-json\/wp\/v2\/yst_prominent_words?post=20738"}],"curies":[{"name":"wp","href":"https:\/\/api.w.org\/{rel}","templated":true}]}}