{"id":19847,"date":"2025-08-07T13:18:47","date_gmt":"2025-08-07T16:18:47","guid":{"rendered":"https:\/\/flordeamorbydevadaya.com.br\/?page_id=19847"},"modified":"2025-12-22T19:35:05","modified_gmt":"2025-12-22T22:35:05","slug":"oficina-alquimia-floral-poder-criativo","status":"publish","type":"page","link":"https:\/\/flordeamorbydevadaya.com.br\/es\/cursos-terapia-floral\/oficina-alquimia-floral-poder-criativo\/","title":{"rendered":"Oficina Alquimia Floral Poder Criativo"},"content":{"rendered":"<div data-elementor-type=\"wp-page\" data-elementor-id=\"19847\" class=\"elementor elementor-19847\" data-elementor-post-type=\"page\">\n\t\t\t\t\t\t<section class=\"elementor-section elementor-top-section elementor-element elementor-element-7ca54b52 elementor-section-stretched elementor-section-boxed elementor-section-height-default elementor-section-height-default\" data-id=\"7ca54b52\" data-element_type=\"section\" data-settings=\"{&quot;background_background&quot;:&quot;classic&quot;,&quot;stretch_section&quot;:&quot;section-stretched&quot;,&quot;_ha_eqh_enable&quot;:false}\">\n\t\t\t\t\t\t<div class=\"elementor-container elementor-column-gap-default\">\n\t\t\t\t\t<div class=\"elementor-column elementor-col-100 elementor-top-column elementor-element elementor-element-55545e90\" data-id=\"55545e90\" data-element_type=\"column\">\n\t\t\t<div class=\"elementor-widget-wrap elementor-element-populated\">\n\t\t\t\t\t\t<div class=\"elementor-element elementor-element-1d927d23 elementor-widget elementor-widget-heading\" data-id=\"1d927d23\" data-element_type=\"widget\" data-widget_type=\"heading.default\">\n\t\t\t\t<div class=\"elementor-widget-container\">\n\t\t\t<h2 class=\"elementor-heading-title elementor-size-default\">Poder Creativo<\/h2>\t\t<\/div>\n\t\t\t\t<\/div>\n\t\t\t\t<section class=\"elementor-section elementor-inner-section elementor-element elementor-element-de40d91 elementor-section-boxed elementor-section-height-default elementor-section-height-default\" data-id=\"de40d91\" data-element_type=\"section\" data-settings=\"{&quot;_ha_eqh_enable&quot;:false}\">\n\t\t\t\t\t\t<div class=\"elementor-container elementor-column-gap-default\">\n\t\t\t\t\t<div class=\"elementor-column elementor-col-25 elementor-inner-column elementor-element elementor-element-721d210\" data-id=\"721d210\" data-element_type=\"column\">\n\t\t\t<div class=\"elementor-widget-wrap\">\n\t\t\t\t\t\t\t<\/div>\n\t\t<\/div>\n\t\t\t\t<div class=\"elementor-column elementor-col-25 elementor-inner-column elementor-element elementor-element-1c6bcb6\" data-id=\"1c6bcb6\" data-element_type=\"column\">\n\t\t\t<div class=\"elementor-widget-wrap elementor-element-populated\">\n\t\t\t\t\t\t<div class=\"elementor-element elementor-element-dfcdb96 elementor-widget elementor-widget-image\" data-id=\"dfcdb96\" data-element_type=\"widget\" data-widget_type=\"image.default\">\n\t\t\t\t<div class=\"elementor-widget-container\">\n\t\t\t\t\t\t\t\t\t\t\t\t\t<img fetchpriority=\"high\" decoding=\"async\" width=\"300\" height=\"300\" src=\"https:\/\/flordeamorbydevadaya.com.br\/wp-content\/uploads\/2025\/08\/Poder-creativo-square-300x300.png\" class=\"attachment-medium size-medium wp-image-19913\" alt=\"\" srcset=\"https:\/\/flordeamorbydevadaya.com.br\/wp-content\/uploads\/2025\/08\/Poder-creativo-square-300x300.png 300w, https:\/\/flordeamorbydevadaya.com.br\/wp-content\/uploads\/2025\/08\/Poder-creativo-square-1024x1024.png 1024w, https:\/\/flordeamorbydevadaya.com.br\/wp-content\/uploads\/2025\/08\/Poder-creativo-square-150x150.png 150w, https:\/\/flordeamorbydevadaya.com.br\/wp-content\/uploads\/2025\/08\/Poder-creativo-square-768x768.png 768w, https:\/\/flordeamorbydevadaya.com.br\/wp-content\/uploads\/2025\/08\/Poder-creativo-square-12x12.png 12w, https:\/\/flordeamorbydevadaya.com.br\/wp-content\/uploads\/2025\/08\/Poder-creativo-square.png 1240w\" sizes=\"(max-width: 300px) 100vw, 300px\" \/>\t\t\t\t\t\t\t\t\t\t\t\t\t<\/div>\n\t\t\t\t<\/div>\n\t\t\t\t\t<\/div>\n\t\t<\/div>\n\t\t\t\t<div class=\"elementor-column elementor-col-25 elementor-inner-column elementor-element elementor-element-e1589c4\" data-id=\"e1589c4\" data-element_type=\"column\">\n\t\t\t<div class=\"elementor-widget-wrap elementor-element-populated\">\n\t\t\t\t\t\t<div class=\"elementor-element elementor-element-91d8175 elementor-widget elementor-widget-heading\" data-id=\"91d8175\" data-element_type=\"widget\" data-widget_type=\"heading.default\">\n\t\t\t\t<div class=\"elementor-widget-container\">\n\t\t\t<h4 class=\"elementor-heading-title elementor-size-default\">Taller de alquimia floral<\/h4>\t\t<\/div>\n\t\t\t\t<\/div>\n\t\t\t\t<div class=\"elementor-element elementor-element-07b10ce elementor-widget elementor-widget-text-editor\" data-id=\"07b10ce\" data-element_type=\"widget\" data-widget_type=\"text-editor.default\">\n\t\t\t\t<div class=\"elementor-widget-container\">\n\t\t\t\t\t\t\t<p><span style=\"color: var( --e-global-color-text ); font-family: var( --e-global-typography-text-font-family ), Sans-serif; font-weight: var( --e-global-typography-text-font-weight ); font-size: 1rem;\">Comprende c\u00f3mo activar tu poder creativo y elabora tu propia f\u00f3rmula floral alqu\u00edmica para el poder creativo.<\/span><\/p><p><span style=\"color: var( --e-global-color-text ); font-family: var( --e-global-typography-text-font-family ), Sans-serif; font-weight: var( --e-global-typography-text-font-weight ); font-size: 1rem;\">Incluye <strong>3 clases + material completo para hacer tu floral<\/strong><\/span><\/p>\t\t\t\t\t\t<\/div>\n\t\t\t\t<\/div>\n\t\t\t\t<div class=\"elementor-element elementor-element-e00dc2e elementor-align-center elementor-widget elementor-widget-button\" data-id=\"e00dc2e\" data-element_type=\"widget\" data-widget_type=\"button.default\">\n\t\t\t\t<div class=\"elementor-widget-container\">\n\t\t\t\t\t<div class=\"elementor-button-wrapper\">\n\t\t\t<a class=\"elementor-button elementor-button-link elementor-size-lg\" href=\"#mentoria\">\n\t\t\t\t\t\t<span class=\"elementor-button-content-wrapper\">\n\t\t\t\t\t\t\t\t\t<span class=\"elementor-button-text\">S\u00cd! QUIERO PARTICIPAR.<\/span>\n\t\t\t\t\t<\/span>\n\t\t\t\t\t<\/a>\n\t\t<\/div>\n\t\t\t\t<\/div>\n\t\t\t\t<\/div>\n\t\t\t\t\t<\/div>\n\t\t<\/div>\n\t\t\t\t<div class=\"elementor-column elementor-col-25 elementor-inner-column elementor-element elementor-element-59df117\" data-id=\"59df117\" data-element_type=\"column\">\n\t\t\t<div class=\"elementor-widget-wrap\">\n\t\t\t\t\t\t\t<\/div>\n\t\t<\/div>\n\t\t\t\t\t<\/div>\n\t\t<\/section>\n\t\t\t\t\t<\/div>\n\t\t<\/div>\n\t\t\t\t\t<\/div>\n\t\t<\/section>\n\t\t\t\t<section class=\"elementor-section elementor-top-section elementor-element elementor-element-409f04fb elementor-section-stretched elementor-section-boxed elementor-section-height-default elementor-section-height-default\" data-id=\"409f04fb\" data-element_type=\"section\" data-settings=\"{&quot;background_background&quot;:&quot;classic&quot;,&quot;stretch_section&quot;:&quot;section-stretched&quot;,&quot;_ha_eqh_enable&quot;:false}\">\n\t\t\t\t\t\t<div class=\"elementor-container elementor-column-gap-default\">\n\t\t\t\t\t<div class=\"elementor-column elementor-col-100 elementor-top-column elementor-element elementor-element-7d7a7c26\" data-id=\"7d7a7c26\" data-element_type=\"column\">\n\t\t\t<div class=\"elementor-widget-wrap elementor-element-populated\">\n\t\t\t\t\t\t<div class=\"elementor-element elementor-element-024044a elementor-widget elementor-widget-heading\" data-id=\"024044a\" data-element_type=\"widget\" data-widget_type=\"heading.default\">\n\t\t\t\t<div class=\"elementor-widget-container\">\n\t\t\t<h2 class=\"elementor-heading-title elementor-size-default\">Taller de alquimia floral<\/h2>\t\t<\/div>\n\t\t\t\t<\/div>\n\t\t\t\t<div class=\"elementor-element elementor-element-068e2cd elementor-widget elementor-widget-text-editor\" data-id=\"068e2cd\" data-element_type=\"widget\" data-widget_type=\"text-editor.default\">\n\t\t\t\t<div class=\"elementor-widget-container\">\n\t\t\t\t\t\t\t<p>Es una gran alegr\u00eda compartir el conocimiento y la experiencia adquirida hasta hoy, para que puedas tener mucho \u00e9xito <strong>creando una buena vida<\/strong> con el apoyo de tu\u00a0<strong>floral Flor de Amor del Poder Creativo<\/strong>.<\/p><p>Durante el taller, exploraremos los <strong>3 aspectos astrol\u00f3gicos<\/strong>\u00a0que muestran c\u00f3mo activar tu energ\u00eda creativa.<\/p><p>Ser\u00e1 una valiosa oportunidad para ampliar tus conocimientos de astrolog\u00eda, alquimia y sabidur\u00eda ancestral, ejercitar tus habilidades en<strong> la creaci\u00f3n de tu f\u00f3rmula floral personal<\/strong> y obtener conocimientos sobre c\u00f3mo desarrollar tu capacidad para <strong>manifestar<\/strong> lo que tu <strong>alma<\/strong> desea.<\/p>\t\t\t\t\t\t<\/div>\n\t\t\t\t<\/div>\n\t\t\t\t<div class=\"elementor-element elementor-element-2f34115 elementor-widget elementor-widget-heading\" data-id=\"2f34115\" data-element_type=\"widget\" data-widget_type=\"heading.default\">\n\t\t\t\t<div class=\"elementor-widget-container\">\n\t\t\t<h2 class=\"elementor-heading-title elementor-size-default\">El poder de las flores<\/h2>\t\t<\/div>\n\t\t\t\t<\/div>\n\t\t\t\t<div class=\"elementor-element elementor-element-04ad124 elementor-widget elementor-widget-text-editor\" data-id=\"04ad124\" data-element_type=\"widget\" data-widget_type=\"text-editor.default\">\n\t\t\t\t<div class=\"elementor-widget-container\">\n\t\t\t\t\t\t\t<p>La terapia floral puede ser de gran ayuda para quienes desean <strong>fortalecer su salud integral<\/strong>.<\/p>\n<p>Los florales Flor de Amor brindan la facilidad de potenciar y <strong>suavizar<\/strong> todo el proceso de desarrollo emocional.<\/p>\n<p>Con los conocimientos y tips que compartir\u00e9 en este curso, ser\u00e1 posible <strong>crear un floral alqu\u00edmico<\/strong> s\u00f3lo tuyo con <strong>seguridad<\/strong>, llev\u00e1ndote tambi\u00e9n la comprensi\u00f3n m\u00e1s profunda de su <strong>poder transformador<\/strong>.<\/p>\t\t\t\t\t\t<\/div>\n\t\t\t\t<\/div>\n\t\t\t\t<div class=\"elementor-element elementor-element-b9f41c0 elementor-widget elementor-widget-heading\" data-id=\"b9f41c0\" data-element_type=\"widget\" data-widget_type=\"heading.default\">\n\t\t\t\t<div class=\"elementor-widget-container\">\n\t\t\t<h2 class=\"elementor-heading-title elementor-size-default\">Recibir\u00e1s<\/h2>\t\t<\/div>\n\t\t\t\t<\/div>\n\t\t\t\t<div class=\"elementor-element elementor-element-b3d3ad0 elementor-widget elementor-widget-text-editor\" data-id=\"b3d3ad0\" data-element_type=\"widget\" data-widget_type=\"text-editor.default\">\n\t\t\t\t<div class=\"elementor-widget-container\">\n\t\t\t\t\t\t\t<ul><li><strong>Curso <\/strong>grabado del Poder Creativo<\/li><li><b>Carta <\/b>astrol\u00f3gica<\/li><li><strong style=\"background-color: transparent;\">Material<\/strong><span style=\"background-color: transparent;\">\u00a0para preparar el floral alqu\u00edmico<\/span><\/li><li><b>Material <\/b>de apoyo\u00a0<\/li><\/ul>\t\t\t\t\t\t<\/div>\n\t\t\t\t<\/div>\n\t\t\t\t<div class=\"elementor-element elementor-element-5030ca7c elementor-widget elementor-widget-heading\" data-id=\"5030ca7c\" data-element_type=\"widget\" data-widget_type=\"heading.default\">\n\t\t\t\t<div class=\"elementor-widget-container\">\n\t\t\t<h2 class=\"elementor-heading-title elementor-size-default\">Para participar es necesario<\/h2>\t\t<\/div>\n\t\t\t\t<\/div>\n\t\t\t\t<div class=\"elementor-element elementor-element-3f2d5169 elementor-widget elementor-widget-text-editor\" data-id=\"3f2d5169\" data-element_type=\"widget\" data-widget_type=\"text-editor.default\">\n\t\t\t\t<div class=\"elementor-widget-container\">\n\t\t\t\t\t\t\t<ul><li><b>Registrarse<\/b>, pagar y confirmar el pago.<\/li><li><b>Informar <\/b>la fecha, lugar y hora de nacimiento.<\/li><li><b>Actitud <\/b>Actitud de amor, respeto y humildad.<\/li><\/ul>\t\t\t\t\t\t<\/div>\n\t\t\t\t<\/div>\n\t\t\t\t\t<\/div>\n\t\t<\/div>\n\t\t\t\t\t<\/div>\n\t\t<\/section>\n\t\t\t\t<section class=\"elementor-section elementor-top-section elementor-element elementor-element-300479df elementor-section-stretched elementor-section-boxed elementor-section-height-default elementor-section-height-default\" data-id=\"300479df\" data-element_type=\"section\" data-settings=\"{&quot;stretch_section&quot;:&quot;section-stretched&quot;,&quot;background_background&quot;:&quot;classic&quot;,&quot;_ha_eqh_enable&quot;:false}\">\n\t\t\t\t\t\t<div class=\"elementor-container elementor-column-gap-default\">\n\t\t\t\t\t<div class=\"elementor-column elementor-col-100 elementor-top-column elementor-element elementor-element-6644472b\" data-id=\"6644472b\" data-element_type=\"column\">\n\t\t\t<div class=\"elementor-widget-wrap elementor-element-populated\">\n\t\t\t\t\t\t<div class=\"elementor-element elementor-element-41ff1fe elementor-widget elementor-widget-heading\" data-id=\"41ff1fe\" data-element_type=\"widget\" data-widget_type=\"heading.default\">\n\t\t\t\t<div class=\"elementor-widget-container\">\n\t\t\t<h2 class=\"elementor-heading-title elementor-size-default\">Contenido<\/h2>\t\t<\/div>\n\t\t\t\t<\/div>\n\t\t\t\t<div class=\"elementor-element elementor-element-3e24270 elementor-widget elementor-widget-toggle\" data-id=\"3e24270\" data-element_type=\"widget\" data-widget_type=\"toggle.default\">\n\t\t\t\t<div class=\"elementor-widget-container\">\n\t\t\t\t\t<div class=\"elementor-toggle\">\n\t\t\t\t\t\t\t<div class=\"elementor-toggle-item\">\n\t\t\t\t\t<div id=\"elementor-tab-title-6511\" class=\"elementor-tab-title\" data-tab=\"1\" role=\"button\" aria-controls=\"elementor-tab-content-6511\" aria-expanded=\"false\">\n\t\t\t\t\t\t\t\t\t\t\t\t<span class=\"elementor-toggle-icon elementor-toggle-icon-left\" aria-hidden=\"true\">\n\t\t\t\t\t\t\t\t\t\t\t\t\t\t\t<span class=\"elementor-toggle-icon-closed\"><i class=\"fas fa-plus\"><\/i><\/span>\n\t\t\t\t\t\t\t\t<span class=\"elementor-toggle-icon-opened\"><i class=\"elementor-toggle-icon-opened fas fa-minus\"><\/i><\/span>\n\t\t\t\t\t\t\t\t\t\t\t\t\t<\/span>\n\t\t\t\t\t\t\t\t\t\t\t\t<a class=\"elementor-toggle-title\" tabindex=\"0\">Los secretos del poder creativo<\/a>\n\t\t\t\t\t<\/div>\n\n\t\t\t\t\t<div id=\"elementor-tab-content-6511\" class=\"elementor-tab-content elementor-clearfix\" data-tab=\"1\" role=\"region\" aria-labelledby=\"elementor-tab-title-6511\"><ul><li>\u00bfQu\u00e9 es el poder creativo?<\/li><li>\u00bfPara qu\u00e9 necesito el poder creativo?<\/li><li>\u00bfD\u00f3nde he estado poniendo mi poder creativo?<\/li><li>Ejercicio para recuperar mi poder creativo.<\/li><li>\u00bfQu\u00e9 bloquea mi poder creativo?<\/li><li>Ejercicio para desbloquear el poder creativo.<\/li><\/ul><\/div>\n\t\t\t\t<\/div>\n\t\t\t\t\t\t\t<div class=\"elementor-toggle-item\">\n\t\t\t\t\t<div id=\"elementor-tab-title-6512\" class=\"elementor-tab-title\" data-tab=\"2\" role=\"button\" aria-controls=\"elementor-tab-content-6512\" aria-expanded=\"false\">\n\t\t\t\t\t\t\t\t\t\t\t\t<span class=\"elementor-toggle-icon elementor-toggle-icon-left\" aria-hidden=\"true\">\n\t\t\t\t\t\t\t\t\t\t\t\t\t\t\t<span class=\"elementor-toggle-icon-closed\"><i class=\"fas fa-plus\"><\/i><\/span>\n\t\t\t\t\t\t\t\t<span class=\"elementor-toggle-icon-opened\"><i class=\"elementor-toggle-icon-opened fas fa-minus\"><\/i><\/span>\n\t\t\t\t\t\t\t\t\t\t\t\t\t<\/span>\n\t\t\t\t\t\t\t\t\t\t\t\t<a class=\"elementor-toggle-title\" tabindex=\"0\">\u00a1Todo est\u00e1 en la carta natal!<\/a>\n\t\t\t\t\t<\/div>\n\n\t\t\t\t\t<div id=\"elementor-tab-content-6512\" class=\"elementor-tab-content elementor-clearfix\" data-tab=\"2\" role=\"region\" aria-labelledby=\"elementor-tab-title-6512\"><ul><li>\u00bfC\u00f3mo puede ayudarme la astrolog\u00eda y la alquimia floral?<\/li><li>\u00bfCu\u00e1les son las 3 posiciones astrol\u00f3gicas que activan mi poder creativo?<\/li><li>Reflexiones sobre la manifestaci\u00f3n personal de mi poder creativo.<\/li><\/ul><\/div>\n\t\t\t\t<\/div>\n\t\t\t\t\t\t\t<div class=\"elementor-toggle-item\">\n\t\t\t\t\t<div id=\"elementor-tab-title-6513\" class=\"elementor-tab-title\" data-tab=\"3\" role=\"button\" aria-controls=\"elementor-tab-content-6513\" aria-expanded=\"false\">\n\t\t\t\t\t\t\t\t\t\t\t\t<span class=\"elementor-toggle-icon elementor-toggle-icon-left\" aria-hidden=\"true\">\n\t\t\t\t\t\t\t\t\t\t\t\t\t\t\t<span class=\"elementor-toggle-icon-closed\"><i class=\"fas fa-plus\"><\/i><\/span>\n\t\t\t\t\t\t\t\t<span class=\"elementor-toggle-icon-opened\"><i class=\"elementor-toggle-icon-opened fas fa-minus\"><\/i><\/span>\n\t\t\t\t\t\t\t\t\t\t\t\t\t<\/span>\n\t\t\t\t\t\t\t\t\t\t\t\t<a class=\"elementor-toggle-title\" tabindex=\"0\">Paso a paso: Crea tu f\u00f3rmula floral personal<\/a>\n\t\t\t\t\t<\/div>\n\n\t\t\t\t\t<div id=\"elementor-tab-content-6513\" class=\"elementor-tab-content elementor-clearfix\" data-tab=\"3\" role=\"region\" aria-labelledby=\"elementor-tab-title-6513\"><ul><li>Es hora de crear la f\u00f3rmula floral alqu\u00edmica personal que activa tu poder creativo.<\/li><\/ul><\/div>\n\t\t\t\t<\/div>\n\t\t\t\t\t\t\t\t<\/div>\n\t\t\t\t<\/div>\n\t\t\t\t<\/div>\n\t\t\t\t\t<\/div>\n\t\t<\/div>\n\t\t\t\t\t<\/div>\n\t\t<\/section>\n\t\t\t\t<section class=\"elementor-section elementor-top-section elementor-element elementor-element-15510069 elementor-section-stretched elementor-section-boxed elementor-section-height-default elementor-section-height-default\" data-id=\"15510069\" data-element_type=\"section\" data-settings=\"{&quot;background_background&quot;:&quot;classic&quot;,&quot;stretch_section&quot;:&quot;section-stretched&quot;,&quot;_ha_eqh_enable&quot;:false}\">\n\t\t\t\t\t\t<div class=\"elementor-container elementor-column-gap-default\">\n\t\t\t\t\t<div class=\"elementor-column elementor-col-100 elementor-top-column elementor-element elementor-element-4d74b92\" data-id=\"4d74b92\" data-element_type=\"column\">\n\t\t\t<div class=\"elementor-widget-wrap\">\n\t\t\t\t\t\t\t<\/div>\n\t\t<\/div>\n\t\t\t\t\t<\/div>\n\t\t<\/section>\n\t\t\t\t<section class=\"elementor-section elementor-top-section elementor-element elementor-element-4123811 elementor-section-boxed elementor-section-height-default elementor-section-height-default\" data-id=\"4123811\" data-element_type=\"section\" data-settings=\"{&quot;_ha_eqh_enable&quot;:false}\">\n\t\t\t\t\t\t<div class=\"elementor-container elementor-column-gap-default\">\n\t\t\t\t\t<div class=\"elementor-column elementor-col-100 elementor-top-column elementor-element elementor-element-d25030d\" data-id=\"d25030d\" data-element_type=\"column\">\n\t\t\t<div class=\"elementor-widget-wrap elementor-element-populated\">\n\t\t\t\t\t\t<section class=\"elementor-section elementor-inner-section elementor-element elementor-element-08ea3da elementor-section-boxed elementor-section-height-default elementor-section-height-default\" data-id=\"08ea3da\" data-element_type=\"section\" id=\"mentoria\" data-settings=\"{&quot;_ha_eqh_enable&quot;:false}\">\n\t\t\t\t\t\t<div class=\"elementor-container elementor-column-gap-default\">\n\t\t\t\t\t<div class=\"elementor-column elementor-col-100 elementor-inner-column elementor-element elementor-element-60ea7bd\" data-id=\"60ea7bd\" data-element_type=\"column\" data-settings=\"{&quot;background_background&quot;:&quot;classic&quot;}\">\n\t\t\t<div class=\"elementor-widget-wrap elementor-element-populated\">\n\t\t\t\t\t\t<div class=\"elementor-element elementor-element-b39ddfb elementor-widget elementor-widget-heading\" data-id=\"b39ddfb\" data-element_type=\"widget\" data-widget_type=\"heading.default\">\n\t\t\t\t<div class=\"elementor-widget-container\">\n\t\t\t<h2 class=\"elementor-heading-title elementor-size-default\">Taller alqu\u00edmico<\/h2>\t\t<\/div>\n\t\t\t\t<\/div>\n\t\t\t\t<div class=\"elementor-element elementor-element-6db3997 elementor-widget elementor-widget-heading\" data-id=\"6db3997\" data-element_type=\"widget\" data-widget_type=\"heading.default\">\n\t\t\t\t<div class=\"elementor-widget-container\">\n\t\t\t<h2 class=\"elementor-heading-title elementor-size-default\">de U$ 100 por solamente<\/h2>\t\t<\/div>\n\t\t\t\t<\/div>\n\t\t\t\t<div class=\"elementor-element elementor-element-db73120 elementor-widget elementor-widget-heading\" data-id=\"db73120\" data-element_type=\"widget\" data-widget_type=\"heading.default\">\n\t\t\t\t<div class=\"elementor-widget-container\">\n\t\t\t<h2 class=\"elementor-heading-title elementor-size-default\">U$ 50<\/h2>\t\t<\/div>\n\t\t\t\t<\/div>\n\t\t\t\t<div class=\"elementor-element elementor-element-1771d54 elementor-widget elementor-widget-heading\" data-id=\"1771d54\" data-element_type=\"widget\" data-widget_type=\"heading.default\">\n\t\t\t\t<div class=\"elementor-widget-container\">\n\t\t\t<h2 class=\"elementor-heading-title elementor-size-default\">incluye kit<\/h2>\t\t<\/div>\n\t\t\t\t<\/div>\n\t\t\t\t<div class=\"elementor-element elementor-element-6cefcff3 elementor-align-center elementor-mobile-align-center elementor-widget elementor-widget-button\" data-id=\"6cefcff3\" data-element_type=\"widget\" data-widget_type=\"button.default\">\n\t\t\t\t<div class=\"elementor-widget-container\">\n\t\t\t\t\t<div class=\"elementor-button-wrapper\">\n\t\t\t<a class=\"elementor-button elementor-button-link elementor-size-lg\" href=\"https:\/\/www.floraisflordeamor.com.br\/carrinho\/produto\/182704894\/adicionar\" target=\"_blank\">\n\t\t\t\t\t\t<span class=\"elementor-button-content-wrapper\">\n\t\t\t\t\t\t\t\t\t<span class=\"elementor-button-text\">https:\/\/web.whatsapp.com\/send?phone=5548991848044&amp;text=<\/span>\n\t\t\t\t\t<\/span>\n\t\t\t\t\t<\/a>\n\t\t<\/div>\n\t\t\t\t<\/div>\n\t\t\t\t<\/div>\n\t\t\t\t<div class=\"elementor-element elementor-element-39f6d09 elementor-widget elementor-widget-text-editor\" data-id=\"39f6d09\" data-element_type=\"widget\" data-widget_type=\"text-editor.default\">\n\t\t\t\t<div class=\"elementor-widget-container\">\n\t\t\t\t\t\t\t<p>Si no logras activar este bot\u00f3n,\u00a0<strong><a href=\"https:\/\/web.whatsapp.com\/send?phone=5548991848044&amp;text=\" target=\"_blank\" rel=\"noopener\">Haz clic aqu\u00ed!<\/a><\/strong><\/p>\t\t\t\t\t\t<\/div>\n\t\t\t\t<\/div>\n\t\t\t\t\t<\/div>\n\t\t<\/div>\n\t\t\t\t\t<\/div>\n\t\t<\/section>\n\t\t\t\t\t<\/div>\n\t\t<\/div>\n\t\t\t\t\t<\/div>\n\t\t<\/section>\n\t\t\t\t<\/div>","protected":false},"excerpt":{"rendered":"<p>tts et et et <\/p>","protected":false},"author":4,"featured_media":19882,"parent":971,"menu_order":0,"comment_status":"closed","ping_status":"closed","template":"","meta":{"footnotes":""},"yst_prominent_words":[],"class_list":["post-19847","page","type-page","status-publish","has-post-thumbnail","hentry"],"_links":{"self":[{"href":"https:\/\/flordeamorbydevadaya.com.br\/es\/wp-json\/wp\/v2\/pages\/19847"}],"collection":[{"href":"https:\/\/flordeamorbydevadaya.com.br\/es\/wp-json\/wp\/v2\/pages"}],"about":[{"href":"https:\/\/flordeamorbydevadaya.com.br\/es\/wp-json\/wp\/v2\/types\/page"}],"author":[{"embeddable":true,"href":"https:\/\/flordeamorbydevadaya.com.br\/es\/wp-json\/wp\/v2\/users\/4"}],"replies":[{"embeddable":true,"href":"https:\/\/flordeamorbydevadaya.com.br\/es\/wp-json\/wp\/v2\/comments?post=19847"}],"version-history":[{"count":98,"href":"https:\/\/flordeamorbydevadaya.com.br\/es\/wp-json\/wp\/v2\/pages\/19847\/revisions"}],"predecessor-version":[{"id":20538,"href":"https:\/\/flordeamorbydevadaya.com.br\/es\/wp-json\/wp\/v2\/pages\/19847\/revisions\/20538"}],"up":[{"embeddable":true,"href":"https:\/\/flordeamorbydevadaya.com.br\/es\/wp-json\/wp\/v2\/pages\/971"}],"wp:featuredmedia":[{"embeddable":true,"href":"https:\/\/flordeamorbydevadaya.com.br\/es\/wp-json\/wp\/v2\/media\/19882"}],"wp:attachment":[{"href":"https:\/\/flordeamorbydevadaya.com.br\/es\/wp-json\/wp\/v2\/media?parent=19847"}],"wp:term":[{"taxonomy":"yst_prominent_words","embeddable":true,"href":"https:\/\/flordeamorbydevadaya.com.br\/es\/wp-json\/wp\/v2\/yst_prominent_words?post=19847"}],"curies":[{"name":"wp","href":"https:\/\/api.w.org\/{rel}","templated":true}]}}