{"id":18553,"date":"2025-02-28T19:49:27","date_gmt":"2025-02-28T22:49:27","guid":{"rendered":"https:\/\/flordeamorbydevadaya.com.br\/?page_id=18553"},"modified":"2025-03-05T14:07:32","modified_gmt":"2025-03-05T17:07:32","slug":"aula-gratuita-mentoria-florais","status":"publish","type":"page","link":"https:\/\/flordeamorbydevadaya.com.br\/es\/aula-gratuita-mentoria-florais\/","title":{"rendered":"Aula Gratuita Mentoria Florais"},"content":{"rendered":"<div data-elementor-type=\"wp-page\" data-elementor-id=\"18553\" class=\"elementor elementor-18553\" data-elementor-post-type=\"page\">\n\t\t\t\t\t\t<section class=\"elementor-section elementor-top-section elementor-element elementor-element-c38aa20 elementor-section-full_width elementor-section-stretched elementor-section-height-default elementor-section-height-default\" data-id=\"c38aa20\" data-element_type=\"section\" data-settings=\"{&quot;stretch_section&quot;:&quot;section-stretched&quot;,&quot;background_background&quot;:&quot;classic&quot;,&quot;_ha_eqh_enable&quot;:false}\">\n\t\t\t\t\t\t<div class=\"elementor-container elementor-column-gap-default\">\n\t\t\t\t\t<div class=\"elementor-column elementor-col-33 elementor-top-column elementor-element elementor-element-054cd25\" data-id=\"054cd25\" data-element_type=\"column\">\n\t\t\t<div class=\"elementor-widget-wrap elementor-element-populated\">\n\t\t\t\t\t\t<div class=\"elementor-element elementor-element-2ac1d7f8 elementor-widget elementor-widget-heading\" data-id=\"2ac1d7f8\" data-element_type=\"widget\" data-widget_type=\"heading.default\">\n\t\t\t\t<div class=\"elementor-widget-container\">\n\t\t\t<h2 class=\"elementor-heading-title elementor-size-default\">selecione idioma<\/h2>\t\t<\/div>\n\t\t\t\t<\/div>\n\t\t\t\t\t<\/div>\n\t\t<\/div>\n\t\t\t\t<div class=\"elementor-column elementor-col-33 elementor-top-column elementor-element elementor-element-4fb73f1\" data-id=\"4fb73f1\" data-element_type=\"column\">\n\t\t\t<div class=\"elementor-widget-wrap elementor-element-populated\">\n\t\t\t\t\t\t<div class=\"elementor-element elementor-element-18fc451f elementor-widget elementor-widget-shortcode\" data-id=\"18fc451f\" data-element_type=\"widget\" data-widget_type=\"shortcode.default\">\n\t\t\t\t<div class=\"elementor-widget-container\">\n\t\t\t\t\t<div class=\"elementor-shortcode\"><div class=\"trp_language_switcher_shortcode\">\n<div class=\"trp-language-switcher trp-language-switcher-container\" data-no-translation>\n    <div class=\"trp-ls-shortcode-current-language\">\n        <a href=\"#\" class=\"trp-ls-shortcode-disabled-language trp-ls-disabled-language\" title=\"Spanish\" onclick=\"event.preventDefault()\">\n\t\t\t<img decoding=\"async\" class=\"trp-flag-image\" src=\"https:\/\/flordeamorbydevadaya.com.br\/wp-content\/plugins\/translatepress-multilingual\/assets\/images\/flags\/es_AR.png\" width=\"18\" height=\"12\" alt=\"es_AR\" title=\"Spanish\"> \t\t<\/a>\n    <\/div>\n    <div class=\"trp-ls-shortcode-language\">\n                <a href=\"#\" class=\"trp-ls-shortcode-disabled-language trp-ls-disabled-language\"  title=\"Spanish\" onclick=\"event.preventDefault()\">\n\t\t\t<img decoding=\"async\" class=\"trp-flag-image\" src=\"https:\/\/flordeamorbydevadaya.com.br\/wp-content\/plugins\/translatepress-multilingual\/assets\/images\/flags\/es_AR.png\" width=\"18\" height=\"12\" alt=\"es_AR\" title=\"Spanish\"> \t\t<\/a>\n                    <a href=\"https:\/\/flordeamorbydevadaya.com.br\/wp-json\/wp\/v2\/pages\/18553\/\" title=\"Portuguese\">\n            <img decoding=\"async\" class=\"trp-flag-image\" src=\"https:\/\/flordeamorbydevadaya.com.br\/wp-content\/plugins\/translatepress-multilingual\/assets\/images\/flags\/pt_BR.png\" width=\"18\" height=\"12\" alt=\"pt_BR\" title=\"Portuguese\">         <\/a>\n\n        <\/div>\n    <script type=\"application\/javascript\">\n        \/\/ need to have the same with set from JS on both divs. Otherwise it can push stuff around in HTML\n        var trp_ls_shortcodes = document.querySelectorAll('.trp_language_switcher_shortcode .trp-language-switcher');\n        if ( trp_ls_shortcodes.length > 0) {\n            \/\/ get the last language switcher added\n            var trp_el = trp_ls_shortcodes[trp_ls_shortcodes.length - 1];\n\n            var trp_shortcode_language_item = trp_el.querySelector( '.trp-ls-shortcode-language' )\n            \/\/ set width\n            var trp_ls_shortcode_width                                               = trp_shortcode_language_item.offsetWidth + 16;\n            trp_shortcode_language_item.style.width                                  = trp_ls_shortcode_width + 'px';\n            trp_el.querySelector( '.trp-ls-shortcode-current-language' ).style.width = trp_ls_shortcode_width + 'px';\n\n            \/\/ We're putting this on display: none after we have its width.\n            trp_shortcode_language_item.style.display = 'none';\n        }\n    <\/script>\n<\/div>\n<\/div><\/div>\n\t\t\t\t<\/div>\n\t\t\t\t<\/div>\n\t\t\t\t\t<\/div>\n\t\t<\/div>\n\t\t\t\t<div class=\"elementor-column elementor-col-33 elementor-top-column elementor-element elementor-element-3a9488e\" data-id=\"3a9488e\" data-element_type=\"column\">\n\t\t\t<div class=\"elementor-widget-wrap\">\n\t\t\t\t\t\t\t<\/div>\n\t\t<\/div>\n\t\t\t\t\t<\/div>\n\t\t<\/section>\n\t\t\t\t<section class=\"elementor-section elementor-top-section elementor-element elementor-element-7c0d556 elementor-section-full_width elementor-section-stretched elementor-section-height-default elementor-section-height-default\" data-id=\"7c0d556\" data-element_type=\"section\" data-settings=\"{&quot;stretch_section&quot;:&quot;section-stretched&quot;,&quot;background_background&quot;:&quot;classic&quot;,&quot;_ha_eqh_enable&quot;:false}\">\n\t\t\t\t\t\t<div class=\"elementor-container elementor-column-gap-default\">\n\t\t\t\t\t<div class=\"elementor-column elementor-col-100 elementor-top-column elementor-element elementor-element-42b5c26\" data-id=\"42b5c26\" data-element_type=\"column\">\n\t\t\t<div class=\"elementor-widget-wrap elementor-element-populated\">\n\t\t\t\t\t\t<div class=\"elementor-element elementor-element-4b15ce2 elementor-widget elementor-widget-heading\" data-id=\"4b15ce2\" data-element_type=\"widget\" data-widget_type=\"heading.default\">\n\t\t\t\t<div class=\"elementor-widget-container\">\n\t\t\t<h2 class=\"elementor-heading-title elementor-size-default\"><span style=\"color:#c22922;font-weight: 800\">CLASE GRATUITA<\/span><br>Mentor\u00eda Florales <\/h2>\t\t<\/div>\n\t\t\t\t<\/div>\n\t\t\t\t<div class=\"elementor-element elementor-element-2b0f651b elementor-widget elementor-widget-text-editor\" data-id=\"2b0f651b\" data-element_type=\"widget\" data-widget_type=\"text-editor.default\">\n\t\t\t\t<div class=\"elementor-widget-container\">\n\t\t\t\t\t\t\t<p>Mira esta clase gratuita con Deva Daya y comienza tu preparaci\u00f3n para convertirte en un(a) multiplicador(a) de las Esencias Florales Flor de Amor.<\/p>\t\t\t\t\t\t<\/div>\n\t\t\t\t<\/div>\n\t\t\t\t<section class=\"elementor-section elementor-inner-section elementor-element elementor-element-5895a914 elementor-section-boxed elementor-section-height-default elementor-section-height-default\" data-id=\"5895a914\" data-element_type=\"section\" id=\"dia16\" data-settings=\"{&quot;_ha_eqh_enable&quot;:false}\">\n\t\t\t\t\t\t<div class=\"elementor-container elementor-column-gap-default\">\n\t\t\t\t\t<div class=\"elementor-column elementor-col-50 elementor-inner-column elementor-element elementor-element-1e899ce0\" data-id=\"1e899ce0\" data-element_type=\"column\">\n\t\t\t<div class=\"elementor-widget-wrap elementor-element-populated\">\n\t\t\t\t\t\t<div class=\"elementor-element elementor-element-5c3ee0ae elementor-widget elementor-widget-heading\" data-id=\"5c3ee0ae\" data-element_type=\"widget\" data-widget_type=\"heading.default\">\n\t\t\t\t<div class=\"elementor-widget-container\">\n\t\t\t<h3 class=\"elementor-heading-title elementor-size-default\">Mentoria Florales - clase 1<br>\n\n<\/h3>\t\t<\/div>\n\t\t\t\t<\/div>\n\t\t\t\t<div class=\"elementor-element elementor-element-547ad36 elementor-widget elementor-widget-video\" data-id=\"547ad36\" data-element_type=\"widget\" data-settings=\"{&quot;youtube_url&quot;:&quot;https:\\\/\\\/youtu.be\\\/kcoNScvJkNM&quot;,&quot;video_type&quot;:&quot;youtube&quot;,&quot;controls&quot;:&quot;yes&quot;}\" data-widget_type=\"video.default\">\n\t\t\t\t<div class=\"elementor-widget-container\">\n\t\t\t\t\t<div class=\"elementor-wrapper elementor-open-inline\">\n\t\t\t<div class=\"elementor-video\"><\/div>\t\t<\/div>\n\t\t\t\t<\/div>\n\t\t\t\t<\/div>\n\t\t\t\t\t<\/div>\n\t\t<\/div>\n\t\t\t\t<div class=\"elementor-column elementor-col-50 elementor-inner-column elementor-element elementor-element-65f020ba\" data-id=\"65f020ba\" data-element_type=\"column\">\n\t\t\t<div class=\"elementor-widget-wrap elementor-element-populated\">\n\t\t\t\t\t\t<div class=\"elementor-element elementor-element-bf199ff elementor-widget elementor-widget-text-editor\" data-id=\"bf199ff\" data-element_type=\"widget\" data-widget_type=\"text-editor.default\">\n\t\t\t\t<div class=\"elementor-widget-container\">\n\t\t\t\t\t\t\t<p>Haz clic en el v\u00eddeo y mira la CLASE GRATUITA de Deva Daya.<br \/>CONTENIDO<\/p><ul><li>Qu\u00e9 es la terapia floral: aprendiendo con las flores.<\/li><li>C\u00f3mo todo empez\u00f3.<\/li><li>Ventajas de la Terapia Floral: suavidad.<\/li><li>Inteligencia Emocional.<\/li><li>Florales de calidad: saber elegir:<\/li><li>La Terapia Floral funciona?<\/li><li>Las f\u00f3rmulas prontas: facilidad y agilidad.<\/li><li>C\u00f3mo debo tomar?<\/li><\/ul><p>Si te ha gustado, haz clic en el bot\u00f3n de abajo para conocer la <strong>Mentoria<\/strong> integral y convertirte en un(a) <strong>Multiplicador(a) de las Esencias Florales<\/strong> <strong>Flor de Amor<\/strong>.<\/p>\t\t\t\t\t\t<\/div>\n\t\t\t\t<\/div>\n\t\t\t\t\t<\/div>\n\t\t<\/div>\n\t\t\t\t\t<\/div>\n\t\t<\/section>\n\t\t\t\t<div class=\"elementor-element elementor-element-71cb28c elementor-align-center elementor-widget elementor-widget-button\" data-id=\"71cb28c\" data-element_type=\"widget\" data-widget_type=\"button.default\">\n\t\t\t\t<div class=\"elementor-widget-container\">\n\t\t\t\t\t<div class=\"elementor-button-wrapper\">\n\t\t\t<a class=\"elementor-button elementor-button-link elementor-size-xl\" href=\"https:\/\/flordeamorbydevadaya.com.br\/es\/curso-revendas-florais-flor-de-amor\/\">\n\t\t\t\t\t\t<span class=\"elementor-button-content-wrapper\">\n\t\t\t\t\t\t\t\t\t<span class=\"elementor-button-text\">MENTORIA FLORALES FLOR DE AMOR<\/span>\n\t\t\t\t\t<\/span>\n\t\t\t\t\t<\/a>\n\t\t<\/div>\n\t\t\t\t<\/div>\n\t\t\t\t<\/div>\n\t\t\t\t\t<\/div>\n\t\t<\/div>\n\t\t\t\t\t<\/div>\n\t\t<\/section>\n\t\t\t\t<\/div>","protected":false},"excerpt":{"rendered":"<p>selecione idioma AULA GRATUITAMentoria Florais Assista a esta aula gratuita com Deva Daya e, assim, inicie sua prepara\u00e7\u00e3o para ser multiplicador(a) dos Florais Flor de Amor. Mentoria Florais &#8211; aula 1 https:\/\/youtu.be\/kcoNScvJkNM Clique no v\u00eddeo e assista a AULA GRATUITA de Deva Daya.CONTE\u00daDO O que \u00e9 Terapia Floral: aprendendo com as flores. Como tudo come\u00e7ou. [&hellip;]<\/p>","protected":false},"author":4,"featured_media":18372,"parent":0,"menu_order":0,"comment_status":"closed","ping_status":"closed","template":"elementor_canvas","meta":{"footnotes":""},"yst_prominent_words":[],"class_list":["post-18553","page","type-page","status-publish","has-post-thumbnail","hentry"],"_links":{"self":[{"href":"https:\/\/flordeamorbydevadaya.com.br\/es\/wp-json\/wp\/v2\/pages\/18553"}],"collection":[{"href":"https:\/\/flordeamorbydevadaya.com.br\/es\/wp-json\/wp\/v2\/pages"}],"about":[{"href":"https:\/\/flordeamorbydevadaya.com.br\/es\/wp-json\/wp\/v2\/types\/page"}],"author":[{"embeddable":true,"href":"https:\/\/flordeamorbydevadaya.com.br\/es\/wp-json\/wp\/v2\/users\/4"}],"replies":[{"embeddable":true,"href":"https:\/\/flordeamorbydevadaya.com.br\/es\/wp-json\/wp\/v2\/comments?post=18553"}],"version-history":[{"count":34,"href":"https:\/\/flordeamorbydevadaya.com.br\/es\/wp-json\/wp\/v2\/pages\/18553\/revisions"}],"predecessor-version":[{"id":18699,"href":"https:\/\/flordeamorbydevadaya.com.br\/es\/wp-json\/wp\/v2\/pages\/18553\/revisions\/18699"}],"wp:featuredmedia":[{"embeddable":true,"href":"https:\/\/flordeamorbydevadaya.com.br\/es\/wp-json\/wp\/v2\/media\/18372"}],"wp:attachment":[{"href":"https:\/\/flordeamorbydevadaya.com.br\/es\/wp-json\/wp\/v2\/media?parent=18553"}],"wp:term":[{"taxonomy":"yst_prominent_words","embeddable":true,"href":"https:\/\/flordeamorbydevadaya.com.br\/es\/wp-json\/wp\/v2\/yst_prominent_words?post=18553"}],"curies":[{"name":"wp","href":"https:\/\/api.w.org\/{rel}","templated":true}]}}