{"id":18523,"date":"2025-02-28T17:37:44","date_gmt":"2025-02-28T20:37:44","guid":{"rendered":"https:\/\/flordeamorbydevadaya.com.br\/?page_id=18523"},"modified":"2025-03-05T14:43:57","modified_gmt":"2025-03-05T17:43:57","slug":"aula-gratuita-de-florais-e-taro","status":"publish","type":"page","link":"https:\/\/flordeamorbydevadaya.com.br\/es\/aula-gratuita-de-florais-e-taro\/","title":{"rendered":"Aula Gratuita de Florais e Tar\u00f4"},"content":{"rendered":"<div data-elementor-type=\"wp-page\" data-elementor-id=\"18523\" class=\"elementor elementor-18523\" data-elementor-post-type=\"page\">\n\t\t\t\t\t\t<section class=\"elementor-section elementor-top-section elementor-element elementor-element-c38aa20 elementor-section-full_width elementor-section-stretched elementor-section-height-default elementor-section-height-default\" data-id=\"c38aa20\" data-element_type=\"section\" data-settings=\"{&quot;stretch_section&quot;:&quot;section-stretched&quot;,&quot;background_background&quot;:&quot;classic&quot;,&quot;_ha_eqh_enable&quot;:false}\">\n\t\t\t\t\t\t<div class=\"elementor-container elementor-column-gap-default\">\n\t\t\t\t\t<div class=\"elementor-column elementor-col-33 elementor-top-column elementor-element elementor-element-054cd25\" data-id=\"054cd25\" data-element_type=\"column\">\n\t\t\t<div class=\"elementor-widget-wrap elementor-element-populated\">\n\t\t\t\t\t\t<div class=\"elementor-element elementor-element-2ac1d7f8 elementor-widget elementor-widget-heading\" data-id=\"2ac1d7f8\" data-element_type=\"widget\" data-widget_type=\"heading.default\">\n\t\t\t\t<div class=\"elementor-widget-container\">\n\t\t\t<h2 class=\"elementor-heading-title elementor-size-default\">selecione idioma<\/h2>\t\t<\/div>\n\t\t\t\t<\/div>\n\t\t\t\t\t<\/div>\n\t\t<\/div>\n\t\t\t\t<div class=\"elementor-column elementor-col-33 elementor-top-column elementor-element elementor-element-4fb73f1\" data-id=\"4fb73f1\" data-element_type=\"column\">\n\t\t\t<div class=\"elementor-widget-wrap elementor-element-populated\">\n\t\t\t\t\t\t<div class=\"elementor-element elementor-element-18fc451f elementor-widget elementor-widget-shortcode\" data-id=\"18fc451f\" data-element_type=\"widget\" data-widget_type=\"shortcode.default\">\n\t\t\t\t<div class=\"elementor-widget-container\">\n\t\t\t\t\t<div class=\"elementor-shortcode\"><div class=\"trp_language_switcher_shortcode\">\n<div class=\"trp-language-switcher trp-language-switcher-container\" data-no-translation>\n    <div class=\"trp-ls-shortcode-current-language\">\n        <a href=\"#\" class=\"trp-ls-shortcode-disabled-language trp-ls-disabled-language\" title=\"Spanish\" onclick=\"event.preventDefault()\">\n\t\t\t<img decoding=\"async\" class=\"trp-flag-image\" src=\"https:\/\/flordeamorbydevadaya.com.br\/wp-content\/plugins\/translatepress-multilingual\/assets\/images\/flags\/es_AR.png\" width=\"18\" height=\"12\" alt=\"es_AR\" title=\"Spanish\"> \t\t<\/a>\n    <\/div>\n    <div class=\"trp-ls-shortcode-language\">\n                <a href=\"#\" class=\"trp-ls-shortcode-disabled-language trp-ls-disabled-language\"  title=\"Spanish\" onclick=\"event.preventDefault()\">\n\t\t\t<img decoding=\"async\" class=\"trp-flag-image\" src=\"https:\/\/flordeamorbydevadaya.com.br\/wp-content\/plugins\/translatepress-multilingual\/assets\/images\/flags\/es_AR.png\" width=\"18\" height=\"12\" alt=\"es_AR\" title=\"Spanish\"> \t\t<\/a>\n                    <a href=\"https:\/\/flordeamorbydevadaya.com.br\/wp-json\/wp\/v2\/pages\/18523\/\" title=\"Portuguese\">\n            <img decoding=\"async\" class=\"trp-flag-image\" src=\"https:\/\/flordeamorbydevadaya.com.br\/wp-content\/plugins\/translatepress-multilingual\/assets\/images\/flags\/pt_BR.png\" width=\"18\" height=\"12\" alt=\"pt_BR\" title=\"Portuguese\">         <\/a>\n\n        <\/div>\n    <script type=\"application\/javascript\">\n        \/\/ need to have the same with set from JS on both divs. Otherwise it can push stuff around in HTML\n        var trp_ls_shortcodes = document.querySelectorAll('.trp_language_switcher_shortcode .trp-language-switcher');\n        if ( trp_ls_shortcodes.length > 0) {\n            \/\/ get the last language switcher added\n            var trp_el = trp_ls_shortcodes[trp_ls_shortcodes.length - 1];\n\n            var trp_shortcode_language_item = trp_el.querySelector( '.trp-ls-shortcode-language' )\n            \/\/ set width\n            var trp_ls_shortcode_width                                               = trp_shortcode_language_item.offsetWidth + 16;\n            trp_shortcode_language_item.style.width                                  = trp_ls_shortcode_width + 'px';\n            trp_el.querySelector( '.trp-ls-shortcode-current-language' ).style.width = trp_ls_shortcode_width + 'px';\n\n            \/\/ We're putting this on display: none after we have its width.\n            trp_shortcode_language_item.style.display = 'none';\n        }\n    <\/script>\n<\/div>\n<\/div><\/div>\n\t\t\t\t<\/div>\n\t\t\t\t<\/div>\n\t\t\t\t\t<\/div>\n\t\t<\/div>\n\t\t\t\t<div class=\"elementor-column elementor-col-33 elementor-top-column elementor-element elementor-element-3a9488e\" data-id=\"3a9488e\" data-element_type=\"column\">\n\t\t\t<div class=\"elementor-widget-wrap\">\n\t\t\t\t\t\t\t<\/div>\n\t\t<\/div>\n\t\t\t\t\t<\/div>\n\t\t<\/section>\n\t\t\t\t<section class=\"elementor-section elementor-top-section elementor-element elementor-element-7c0d556 elementor-section-full_width elementor-section-stretched elementor-section-height-default elementor-section-height-default\" data-id=\"7c0d556\" data-element_type=\"section\" data-settings=\"{&quot;stretch_section&quot;:&quot;section-stretched&quot;,&quot;background_background&quot;:&quot;classic&quot;,&quot;_ha_eqh_enable&quot;:false}\">\n\t\t\t\t\t\t<div class=\"elementor-container elementor-column-gap-default\">\n\t\t\t\t\t<div class=\"elementor-column elementor-col-100 elementor-top-column elementor-element elementor-element-42b5c26\" data-id=\"42b5c26\" data-element_type=\"column\">\n\t\t\t<div class=\"elementor-widget-wrap elementor-element-populated\">\n\t\t\t\t\t\t<div class=\"elementor-element elementor-element-4b15ce2 elementor-widget elementor-widget-heading\" data-id=\"4b15ce2\" data-element_type=\"widget\" data-widget_type=\"heading.default\">\n\t\t\t\t<div class=\"elementor-widget-container\">\n\t\t\t<h2 class=\"elementor-heading-title elementor-size-default\"><span style=\"color:#c22922;font-weight: 800\">CLASE GRATUITA<\/span><br>Florales y Tarot <\/h2>\t\t<\/div>\n\t\t\t\t<\/div>\n\t\t\t\t<div class=\"elementor-element elementor-element-2b0f651b elementor-widget elementor-widget-text-editor\" data-id=\"2b0f651b\" data-element_type=\"widget\" data-widget_type=\"text-editor.default\">\n\t\t\t\t<div class=\"elementor-widget-container\">\n\t\t\t\t\t\t\t<p>Mira esta clase gratuita con Deva Daya para entender la conexi\u00f3n alqu\u00edmica entre las esencias florales Flor de Amor y los Arcanos del Tarot.<\/p>\t\t\t\t\t\t<\/div>\n\t\t\t\t<\/div>\n\t\t\t\t<section class=\"elementor-section elementor-inner-section elementor-element elementor-element-5895a914 elementor-section-boxed elementor-section-height-default elementor-section-height-default\" data-id=\"5895a914\" data-element_type=\"section\" id=\"dia16\" data-settings=\"{&quot;_ha_eqh_enable&quot;:false}\">\n\t\t\t\t\t\t<div class=\"elementor-container elementor-column-gap-default\">\n\t\t\t\t\t<div class=\"elementor-column elementor-col-50 elementor-inner-column elementor-element elementor-element-1e899ce0\" data-id=\"1e899ce0\" data-element_type=\"column\">\n\t\t\t<div class=\"elementor-widget-wrap elementor-element-populated\">\n\t\t\t\t\t\t<div class=\"elementor-element elementor-element-5c3ee0ae elementor-widget elementor-widget-heading\" data-id=\"5c3ee0ae\" data-element_type=\"widget\" data-widget_type=\"heading.default\">\n\t\t\t\t<div class=\"elementor-widget-container\">\n\t\t\t<h3 class=\"elementor-heading-title elementor-size-default\">Florales y Tarot<br>\n\n<\/h3>\t\t<\/div>\n\t\t\t\t<\/div>\n\t\t\t\t<div class=\"elementor-element elementor-element-547ad36 elementor-widget elementor-widget-video\" data-id=\"547ad36\" data-element_type=\"widget\" data-settings=\"{&quot;youtube_url&quot;:&quot;https:\\\/\\\/youtu.be\\\/msy8iYEBl2E&quot;,&quot;video_type&quot;:&quot;youtube&quot;,&quot;controls&quot;:&quot;yes&quot;}\" data-widget_type=\"video.default\">\n\t\t\t\t<div class=\"elementor-widget-container\">\n\t\t\t\t\t<div class=\"elementor-wrapper elementor-open-inline\">\n\t\t\t<div class=\"elementor-video\"><\/div>\t\t<\/div>\n\t\t\t\t<\/div>\n\t\t\t\t<\/div>\n\t\t\t\t\t<\/div>\n\t\t<\/div>\n\t\t\t\t<div class=\"elementor-column elementor-col-50 elementor-inner-column elementor-element elementor-element-65f020ba\" data-id=\"65f020ba\" data-element_type=\"column\">\n\t\t\t<div class=\"elementor-widget-wrap elementor-element-populated\">\n\t\t\t\t\t\t<div class=\"elementor-element elementor-element-50a73d5 elementor-widget elementor-widget-text-editor\" data-id=\"50a73d5\" data-element_type=\"widget\" data-widget_type=\"text-editor.default\">\n\t\t\t\t<div class=\"elementor-widget-container\">\n\t\t\t\t\t\t\t<p>Haz clic en el v\u00eddeo y mira la CLASE GRATUITA de Deva Daya.<br \/>CONTENIDO<\/p><ul><li>El juego de la vida.<\/li><li>La frecuencia de las cartas del tarot.<\/li><li>La alquimia de las esencias florales Flor de Amor.<\/li><li>El ciclo del 21.<\/li><li>Los 22 arcanos mayores y las 22 esencias.<\/li><li>Lectura de Tarot terap\u00e9utico e indicaci\u00f3n de florales Flor de Amor.<\/li><li>Ejercicio pr\u00e1ctico.<\/li><\/ul><p><br \/>Si te ha gustado, haz clic en el bot\u00f3n de abajo para conocer la Formaci\u00f3n integral de de Florales y Tarot.<\/p>\t\t\t\t\t\t<\/div>\n\t\t\t\t<\/div>\n\t\t\t\t\t<\/div>\n\t\t<\/div>\n\t\t\t\t\t<\/div>\n\t\t<\/section>\n\t\t\t\t<div class=\"elementor-element elementor-element-71cb28c elementor-align-center elementor-widget elementor-widget-button\" data-id=\"71cb28c\" data-element_type=\"widget\" data-widget_type=\"button.default\">\n\t\t\t\t<div class=\"elementor-widget-container\">\n\t\t\t\t\t<div class=\"elementor-button-wrapper\">\n\t\t\t<a class=\"elementor-button elementor-button-link elementor-size-xl\" href=\"https:\/\/flordeamorbydevadaya.com.br\/es\/curso-de-taro-e-florais\/\">\n\t\t\t\t\t\t<span class=\"elementor-button-content-wrapper\">\n\t\t\t\t\t\t\t\t\t<span class=\"elementor-button-text\">FORMACI\u00d3N FLORALES Y TAROT<\/span>\n\t\t\t\t\t<\/span>\n\t\t\t\t\t<\/a>\n\t\t<\/div>\n\t\t\t\t<\/div>\n\t\t\t\t<\/div>\n\t\t\t\t\t<\/div>\n\t\t<\/div>\n\t\t\t\t\t<\/div>\n\t\t<\/section>\n\t\t\t\t<\/div>","protected":false},"excerpt":{"rendered":"<p>selecione idioma AULA GRATUITAFlorais e Tar\u00f4 Assista a esta aula gratuita com Deva Daya e, entenda a conex\u00e3o alqu\u00edmica entre os Florais Flor de Amor e os Arcanos do Tar\u00f4. Florais e Tar\u00f4 https:\/\/youtu.be\/msy8iYEBl2E Clique no v\u00eddeo e assista a AULA GRATUITA de Deva Daya.CONTE\u00daDO O jogo da vida. A frequ\u00eancia das cartas do tarot. [&hellip;]<\/p>","protected":false},"author":4,"featured_media":18372,"parent":0,"menu_order":0,"comment_status":"closed","ping_status":"closed","template":"elementor_canvas","meta":{"footnotes":""},"yst_prominent_words":[],"class_list":["post-18523","page","type-page","status-publish","has-post-thumbnail","hentry"],"_links":{"self":[{"href":"https:\/\/flordeamorbydevadaya.com.br\/es\/wp-json\/wp\/v2\/pages\/18523"}],"collection":[{"href":"https:\/\/flordeamorbydevadaya.com.br\/es\/wp-json\/wp\/v2\/pages"}],"about":[{"href":"https:\/\/flordeamorbydevadaya.com.br\/es\/wp-json\/wp\/v2\/types\/page"}],"author":[{"embeddable":true,"href":"https:\/\/flordeamorbydevadaya.com.br\/es\/wp-json\/wp\/v2\/users\/4"}],"replies":[{"embeddable":true,"href":"https:\/\/flordeamorbydevadaya.com.br\/es\/wp-json\/wp\/v2\/comments?post=18523"}],"version-history":[{"count":53,"href":"https:\/\/flordeamorbydevadaya.com.br\/es\/wp-json\/wp\/v2\/pages\/18523\/revisions"}],"predecessor-version":[{"id":18753,"href":"https:\/\/flordeamorbydevadaya.com.br\/es\/wp-json\/wp\/v2\/pages\/18523\/revisions\/18753"}],"wp:featuredmedia":[{"embeddable":true,"href":"https:\/\/flordeamorbydevadaya.com.br\/es\/wp-json\/wp\/v2\/media\/18372"}],"wp:attachment":[{"href":"https:\/\/flordeamorbydevadaya.com.br\/es\/wp-json\/wp\/v2\/media?parent=18523"}],"wp:term":[{"taxonomy":"yst_prominent_words","embeddable":true,"href":"https:\/\/flordeamorbydevadaya.com.br\/es\/wp-json\/wp\/v2\/yst_prominent_words?post=18523"}],"curies":[{"name":"wp","href":"https:\/\/api.w.org\/{rel}","templated":true}]}}