{"id":14103,"date":"2024-06-19T14:59:22","date_gmt":"2024-06-19T17:59:22","guid":{"rendered":"https:\/\/flordeamorbydevadaya.com.br\/?page_id=14103"},"modified":"2026-01-19T22:38:33","modified_gmt":"2026-01-20T01:38:33","slug":"livros-deva-daya","status":"publish","type":"page","link":"https:\/\/flordeamorbydevadaya.com.br\/es\/livros-deva-daya\/","title":{"rendered":"Libros"},"content":{"rendered":"<div data-elementor-type=\"wp-page\" data-elementor-id=\"14103\" class=\"elementor elementor-14103\" data-elementor-post-type=\"page\">\n\t\t\t\t\t\t<section class=\"elementor-section elementor-top-section elementor-element elementor-element-b4d5bf6 elementor-section-stretched elementor-section-boxed elementor-section-height-default elementor-section-height-default\" data-id=\"b4d5bf6\" data-element_type=\"section\" data-settings=\"{&quot;background_background&quot;:&quot;classic&quot;,&quot;stretch_section&quot;:&quot;section-stretched&quot;,&quot;_ha_eqh_enable&quot;:false}\">\n\t\t\t\t\t\t<div class=\"elementor-container elementor-column-gap-default\">\n\t\t\t\t\t<div class=\"elementor-column elementor-col-100 elementor-top-column elementor-element elementor-element-70a79253\" data-id=\"70a79253\" data-element_type=\"column\">\n\t\t\t<div class=\"elementor-widget-wrap elementor-element-populated\">\n\t\t\t\t\t\t<div class=\"elementor-element elementor-element-5015b6a2 elementor-hidden-phone elementor-widget elementor-widget-heading\" data-id=\"5015b6a2\" data-element_type=\"widget\" data-widget_type=\"heading.default\">\n\t\t\t\t<div class=\"elementor-widget-container\">\n\t\t\t<h2 class=\"elementor-heading-title elementor-size-default\">Lecturas Transformadoras\n<\/h2>\t\t<\/div>\n\t\t\t\t<\/div>\n\t\t\t\t<div class=\"elementor-element elementor-element-449ddfa elementor-hidden-desktop elementor-hidden-tablet elementor-widget elementor-widget-heading\" data-id=\"449ddfa\" data-element_type=\"widget\" data-widget_type=\"heading.default\">\n\t\t\t\t<div class=\"elementor-widget-container\">\n\t\t\t<h2 class=\"elementor-heading-title elementor-size-default\">Leituras <br>Transformadoras<\/h2>\t\t<\/div>\n\t\t\t\t<\/div>\n\t\t\t\t<div class=\"elementor-element elementor-element-6abb9ee4 elementor-widget-divider--view-line elementor-widget elementor-widget-divider\" data-id=\"6abb9ee4\" data-element_type=\"widget\" data-widget_type=\"divider.default\">\n\t\t\t\t<div class=\"elementor-widget-container\">\n\t\t\t\t\t<div class=\"elementor-divider\">\n\t\t\t<span class=\"elementor-divider-separator\">\n\t\t\t\t\t\t<\/span>\n\t\t<\/div>\n\t\t\t\t<\/div>\n\t\t\t\t<\/div>\n\t\t\t\t<section class=\"elementor-section elementor-inner-section elementor-element elementor-element-00d09cf elementor-section-content-middle elementor-section-boxed elementor-section-height-default elementor-section-height-default\" data-id=\"00d09cf\" data-element_type=\"section\" data-settings=\"{&quot;_ha_eqh_enable&quot;:false}\">\n\t\t\t\t\t\t<div class=\"elementor-container elementor-column-gap-no\">\n\t\t\t\t\t<div class=\"elementor-column elementor-col-100 elementor-inner-column elementor-element elementor-element-f12d2e0 elementor-invisible\" data-id=\"f12d2e0\" data-element_type=\"column\" data-settings=\"{&quot;background_background&quot;:&quot;classic&quot;,&quot;animation&quot;:&quot;slideInUp&quot;}\">\n\t\t\t<div class=\"elementor-widget-wrap elementor-element-populated\">\n\t\t\t\t\t\t<div class=\"elementor-element elementor-element-2cf8dbb elementor-position-left elementor-vertical-align-top elementor-widget elementor-widget-image-box\" data-id=\"2cf8dbb\" data-element_type=\"widget\" data-widget_type=\"image-box.default\">\n\t\t\t\t<div class=\"elementor-widget-container\">\n\t\t\t<div class=\"elementor-image-box-wrapper\"><figure class=\"elementor-image-box-img\"><img fetchpriority=\"high\" decoding=\"async\" width=\"1536\" height=\"1536\" src=\"https:\/\/flordeamorbydevadaya.com.br\/wp-content\/uploads\/2020\/10\/livro-o-amor-e-a-chave.png\" class=\"elementor-animation-sink attachment-full size-full wp-image-786\" alt=\"\" srcset=\"https:\/\/flordeamorbydevadaya.com.br\/wp-content\/uploads\/2020\/10\/livro-o-amor-e-a-chave.png 1536w, https:\/\/flordeamorbydevadaya.com.br\/wp-content\/uploads\/2020\/10\/livro-o-amor-e-a-chave-300x300.png 300w, https:\/\/flordeamorbydevadaya.com.br\/wp-content\/uploads\/2020\/10\/livro-o-amor-e-a-chave-1024x1024.png 1024w, https:\/\/flordeamorbydevadaya.com.br\/wp-content\/uploads\/2020\/10\/livro-o-amor-e-a-chave-150x150.png 150w, https:\/\/flordeamorbydevadaya.com.br\/wp-content\/uploads\/2020\/10\/livro-o-amor-e-a-chave-768x768.png 768w, https:\/\/flordeamorbydevadaya.com.br\/wp-content\/uploads\/2020\/10\/livro-o-amor-e-a-chave-12x12.png 12w\" sizes=\"(max-width: 1536px) 100vw, 1536px\" \/><\/figure><div class=\"elementor-image-box-content\"><h3 class=\"elementor-image-box-title\">El Amor es la Llave<\/h3><p class=\"elementor-image-box-description\"><b>La cura de la Tierra tambi\u00e9n es la cura de la Humanidad. <\/b><br><b>Mensajes de los Seres Interdimensionales.<\/b><br><br>por Deva Daya <br><br>Un equipo de seres interdimensionales, que se dedican a abrir la conciencia en diferentes esferas de la realidad en esta regi\u00f3n del universo, env\u00edan sus mensajes a trav\u00e9s de este libro. <br>Esses ensinamentos o ajudar\u00e3o a se inteirar da verdadeira origem de seu sofrimento, para que venha a clareza de que precisa para se curar e reescrever sua hist\u00f3ria e a hist\u00f3ria da Terra.<br><br>\nInclui chaves de cura para aplica\u00e7\u00e3o.<br><br>\n\n110 p\u00e1ginas<br><br>\n\n<\/p><\/div><\/div>\t\t<\/div>\n\t\t\t\t<\/div>\n\t\t\t\t<div class=\"elementor-element elementor-element-348f55d elementor-align-center elementor-widget elementor-widget-button\" data-id=\"348f55d\" data-element_type=\"widget\" data-settings=\"{&quot;_animation&quot;:&quot;none&quot;}\" data-widget_type=\"button.default\">\n\t\t\t\t<div class=\"elementor-widget-container\">\n\t\t\t\t\t<div class=\"elementor-button-wrapper\">\n\t\t\t<a class=\"elementor-button elementor-button-link elementor-size-sm elementor-animation-grow\" href=\"https:\/\/www.floraisflordeamor.com.br\/carrinho\/produto\/381971375\/adicionar\" target=\"_blank\">\n\t\t\t\t\t\t<span class=\"elementor-button-content-wrapper\">\n\t\t\t\t\t\t\t\t\t<span class=\"elementor-button-text\">\u00a1Quiero!<\/span>\n\t\t\t\t\t<\/span>\n\t\t\t\t\t<\/a>\n\t\t<\/div>\n\t\t\t\t<\/div>\n\t\t\t\t<\/div>\n\t\t\t\t\t<\/div>\n\t\t<\/div>\n\t\t\t\t\t<\/div>\n\t\t<\/section>\n\t\t\t\t<section class=\"elementor-section elementor-inner-section elementor-element elementor-element-9154320 elementor-section-content-middle elementor-section-boxed elementor-section-height-default elementor-section-height-default\" data-id=\"9154320\" data-element_type=\"section\" data-settings=\"{&quot;_ha_eqh_enable&quot;:false}\">\n\t\t\t\t\t\t<div class=\"elementor-container elementor-column-gap-no\">\n\t\t\t\t\t<div class=\"elementor-column elementor-col-100 elementor-inner-column elementor-element elementor-element-114ab22 elementor-invisible\" data-id=\"114ab22\" data-element_type=\"column\" data-settings=\"{&quot;background_background&quot;:&quot;classic&quot;,&quot;animation&quot;:&quot;slideInUp&quot;}\">\n\t\t\t<div class=\"elementor-widget-wrap elementor-element-populated\">\n\t\t\t\t\t\t<div class=\"elementor-element elementor-element-d3b8eea elementor-position-left elementor-vertical-align-top elementor-widget elementor-widget-image-box\" data-id=\"d3b8eea\" data-element_type=\"widget\" data-widget_type=\"image-box.default\">\n\t\t\t\t<div class=\"elementor-widget-container\">\n\t\t\t<div class=\"elementor-image-box-wrapper\"><figure class=\"elementor-image-box-img\"><img decoding=\"async\" width=\"768\" height=\"1063\" src=\"https:\/\/flordeamorbydevadaya.com.br\/wp-content\/uploads\/2024\/12\/20240310_130748-768x1063.jpg\" class=\"elementor-animation-sink attachment-medium_large size-medium_large wp-image-18158\" alt=\"\" srcset=\"https:\/\/flordeamorbydevadaya.com.br\/wp-content\/uploads\/2024\/12\/20240310_130748-768x1063.jpg 768w, https:\/\/flordeamorbydevadaya.com.br\/wp-content\/uploads\/2024\/12\/20240310_130748-217x300.jpg 217w, https:\/\/flordeamorbydevadaya.com.br\/wp-content\/uploads\/2024\/12\/20240310_130748-740x1024.jpg 740w, https:\/\/flordeamorbydevadaya.com.br\/wp-content\/uploads\/2024\/12\/20240310_130748-1109x1536.jpg 1109w, https:\/\/flordeamorbydevadaya.com.br\/wp-content\/uploads\/2024\/12\/20240310_130748-1479x2048.jpg 1479w, https:\/\/flordeamorbydevadaya.com.br\/wp-content\/uploads\/2024\/12\/20240310_130748-9x12.jpg 9w, https:\/\/flordeamorbydevadaya.com.br\/wp-content\/uploads\/2024\/12\/20240310_130748-scaled.jpg 1849w\" sizes=\"(max-width: 768px) 100vw, 768px\" \/><\/figure><div class=\"elementor-image-box-content\"><h3 class=\"elementor-image-box-title\">Cartas das F\u00f3rmulas<\/h3><p class=\"elementor-image-box-description\"><b>Livro com as cartas das f\u00f3rmulas florais Flor de Amor<\/b><br><br><br>por Deva Daya  <br>\n<br>Para entender as f\u00f3rmulas florais Flor de Amor e aprofundar na alquimia contida em cada terapeuta engarrafado. <br><br>No trabalho do terapeuta, muitas vezes \u00e9 preciso escolher com agilidade a f\u00f3rmula floral a ser indicada.\n <br> <br>\nEstas cartas facilitam a escolha, al\u00e9m de favorecer o entendimento das indica\u00e7\u00f5es do floral escolhido e da frase de poder para o tratamento de Terapia Floral.\n <br> <br>\nCont\u00e9m: 36 cartas em papel couch\u00ea 350.\n <br>\nDimens\u00f5es: 7.2 x 10cm.\n <br>\nAcompanha livro explicativo. <br> <br><\/p><\/div><\/div>\t\t<\/div>\n\t\t\t\t<\/div>\n\t\t\t\t<div class=\"elementor-element elementor-element-5a59433 elementor-align-center elementor-widget elementor-widget-button\" data-id=\"5a59433\" data-element_type=\"widget\" data-settings=\"{&quot;_animation&quot;:&quot;none&quot;}\" data-widget_type=\"button.default\">\n\t\t\t\t<div class=\"elementor-widget-container\">\n\t\t\t\t\t<div class=\"elementor-button-wrapper\">\n\t\t\t<a class=\"elementor-button elementor-button-link elementor-size-sm elementor-animation-grow\" href=\"https:\/\/www.floraisflordeamor.com.br\/carrinho\/produto\/185516988\/adicionar\" target=\"_blank\">\n\t\t\t\t\t\t<span class=\"elementor-button-content-wrapper\">\n\t\t\t\t\t\t\t\t\t<span class=\"elementor-button-text\">\u00a1Quiero!<\/span>\n\t\t\t\t\t<\/span>\n\t\t\t\t\t<\/a>\n\t\t<\/div>\n\t\t\t\t<\/div>\n\t\t\t\t<\/div>\n\t\t\t\t\t<\/div>\n\t\t<\/div>\n\t\t\t\t\t<\/div>\n\t\t<\/section>\n\t\t\t\t<section class=\"elementor-section elementor-inner-section elementor-element elementor-element-a919c35 elementor-section-content-middle elementor-section-boxed elementor-section-height-default elementor-section-height-default\" data-id=\"a919c35\" data-element_type=\"section\" data-settings=\"{&quot;_ha_eqh_enable&quot;:false}\">\n\t\t\t\t\t\t<div class=\"elementor-container elementor-column-gap-no\">\n\t\t\t\t\t<div class=\"elementor-column elementor-col-100 elementor-inner-column elementor-element elementor-element-7cd9233 elementor-invisible\" data-id=\"7cd9233\" data-element_type=\"column\" data-settings=\"{&quot;background_background&quot;:&quot;classic&quot;,&quot;animation&quot;:&quot;slideInUp&quot;}\">\n\t\t\t<div class=\"elementor-widget-wrap elementor-element-populated\">\n\t\t\t\t\t\t<div class=\"elementor-element elementor-element-1bebad9 elementor-position-left elementor-vertical-align-top elementor-widget elementor-widget-image-box\" data-id=\"1bebad9\" data-element_type=\"widget\" data-widget_type=\"image-box.default\">\n\t\t\t\t<div class=\"elementor-widget-container\">\n\t\t\t<div class=\"elementor-image-box-wrapper\"><figure class=\"elementor-image-box-img\"><img decoding=\"async\" width=\"1707\" height=\"2560\" src=\"https:\/\/flordeamorbydevadaya.com.br\/wp-content\/uploads\/2024\/06\/as-fases-da-deusa-vert-scaled.jpg\" class=\"elementor-animation-sink attachment-full size-full wp-image-14112\" alt=\"\" srcset=\"https:\/\/flordeamorbydevadaya.com.br\/wp-content\/uploads\/2024\/06\/as-fases-da-deusa-vert-scaled.jpg 1707w, https:\/\/flordeamorbydevadaya.com.br\/wp-content\/uploads\/2024\/06\/as-fases-da-deusa-vert-200x300.jpg 200w, https:\/\/flordeamorbydevadaya.com.br\/wp-content\/uploads\/2024\/06\/as-fases-da-deusa-vert-683x1024.jpg 683w, https:\/\/flordeamorbydevadaya.com.br\/wp-content\/uploads\/2024\/06\/as-fases-da-deusa-vert-768x1152.jpg 768w, https:\/\/flordeamorbydevadaya.com.br\/wp-content\/uploads\/2024\/06\/as-fases-da-deusa-vert-1024x1536.jpg 1024w, https:\/\/flordeamorbydevadaya.com.br\/wp-content\/uploads\/2024\/06\/as-fases-da-deusa-vert-1365x2048.jpg 1365w, https:\/\/flordeamorbydevadaya.com.br\/wp-content\/uploads\/2024\/06\/as-fases-da-deusa-vert-8x12.jpg 8w\" sizes=\"(max-width: 1707px) 100vw, 1707px\" \/><\/figure><div class=\"elementor-image-box-content\"><h3 class=\"elementor-image-box-title\">As Fases da Deusa<\/h3><p class=\"elementor-image-box-description\"><b>Conselhos dos Devas da Natureza para vencer no jogo da vida<\/b><br><br><br>Livro com or\u00e1culo por Deva Daya (portugu\u00e9s)  <br>\n\n<br><br>Para entender as frecu\u00eancias do Sistema New Life e aprofundar na magia contida nos Florais Flor de Amor. <br><br>Um livro que ensina a ouvir o cora\u00e7\u00e3o para seguir o seu caminho.<br><br>\nA cada carta consultada, as flores s\u00e3o as que estar\u00e3o aben\u00e7oando teu ser. Cada carta deste or\u00e1culo trabalha comandada por uma for\u00e7a elemental.<br><br>\n\nGotas de Sabedoria, mensagens da M\u00e3e Natureza, para que a tua jornada seja plena de grandeza.<br><br>\n\n99 p\u00e1ginas<\/p><\/div><\/div>\t\t<\/div>\n\t\t\t\t<\/div>\n\t\t\t\t<div class=\"elementor-element elementor-element-f732b92 elementor-align-center elementor-widget elementor-widget-button\" data-id=\"f732b92\" data-element_type=\"widget\" data-settings=\"{&quot;_animation&quot;:&quot;none&quot;}\" data-widget_type=\"button.default\">\n\t\t\t\t<div class=\"elementor-widget-container\">\n\t\t\t\t\t<div class=\"elementor-button-wrapper\">\n\t\t\t<a class=\"elementor-button elementor-button-link elementor-size-sm elementor-animation-grow\" href=\"https:\/\/www.floraisflordeamor.com.br\/carrinho\/produto\/57908838\/adicionar\" target=\"_blank\">\n\t\t\t\t\t\t<span class=\"elementor-button-content-wrapper\">\n\t\t\t\t\t\t\t\t\t<span class=\"elementor-button-text\">\u00a1Quiero!<\/span>\n\t\t\t\t\t<\/span>\n\t\t\t\t\t<\/a>\n\t\t<\/div>\n\t\t\t\t<\/div>\n\t\t\t\t<\/div>\n\t\t\t\t\t<\/div>\n\t\t<\/div>\n\t\t\t\t\t<\/div>\n\t\t<\/section>\n\t\t\t\t\t<\/div>\n\t\t<\/div>\n\t\t\t\t\t<\/div>\n\t\t<\/section>\n\t\t\t\t<\/div>","protected":false},"excerpt":{"rendered":"<p>Leituras Transformadoras Leituras Transformadoras O Amor \u00e9 a Chave A cura da Terra \u00e9 a da humanidade. Mensagens dos seres interdimensionais. por Deva Daya Uma equipe de Seres interdimensionais, que se dedica \u00e0 abertura consciencial em diversas esferas da realidade desta regi\u00e3o do universo, envia suas mensagens atrav\u00e9s deste livro. Esses ensinamentos o ajudar\u00e3o a [&hellip;]<\/p>","protected":false},"author":4,"featured_media":0,"parent":0,"menu_order":0,"comment_status":"closed","ping_status":"closed","template":"","meta":{"footnotes":""},"yst_prominent_words":[],"class_list":["post-14103","page","type-page","status-publish","hentry"],"_links":{"self":[{"href":"https:\/\/flordeamorbydevadaya.com.br\/es\/wp-json\/wp\/v2\/pages\/14103"}],"collection":[{"href":"https:\/\/flordeamorbydevadaya.com.br\/es\/wp-json\/wp\/v2\/pages"}],"about":[{"href":"https:\/\/flordeamorbydevadaya.com.br\/es\/wp-json\/wp\/v2\/types\/page"}],"author":[{"embeddable":true,"href":"https:\/\/flordeamorbydevadaya.com.br\/es\/wp-json\/wp\/v2\/users\/4"}],"replies":[{"embeddable":true,"href":"https:\/\/flordeamorbydevadaya.com.br\/es\/wp-json\/wp\/v2\/comments?post=14103"}],"version-history":[{"count":109,"href":"https:\/\/flordeamorbydevadaya.com.br\/es\/wp-json\/wp\/v2\/pages\/14103\/revisions"}],"predecessor-version":[{"id":20640,"href":"https:\/\/flordeamorbydevadaya.com.br\/es\/wp-json\/wp\/v2\/pages\/14103\/revisions\/20640"}],"wp:attachment":[{"href":"https:\/\/flordeamorbydevadaya.com.br\/es\/wp-json\/wp\/v2\/media?parent=14103"}],"wp:term":[{"taxonomy":"yst_prominent_words","embeddable":true,"href":"https:\/\/flordeamorbydevadaya.com.br\/es\/wp-json\/wp\/v2\/yst_prominent_words?post=14103"}],"curies":[{"name":"wp","href":"https:\/\/api.w.org\/{rel}","templated":true}]}}