{"id":12344,"date":"2023-12-20T16:19:12","date_gmt":"2023-12-20T19:19:12","guid":{"rendered":"https:\/\/flordeamorbydevadaya.com.br\/?page_id=12344"},"modified":"2026-01-20T17:31:20","modified_gmt":"2026-01-20T20:31:20","slug":"escola-deva-daya","status":"publish","type":"page","link":"https:\/\/flordeamorbydevadaya.com.br\/es\/escola-deva-daya\/","title":{"rendered":"Escuela de Deva Daya"},"content":{"rendered":"<div data-elementor-type=\"wp-page\" data-elementor-id=\"12344\" class=\"elementor elementor-12344\" data-elementor-post-type=\"page\">\n\t\t\t\t\t\t<section class=\"elementor-section elementor-top-section elementor-element elementor-element-4cf24b84 elementor-section-stretched elementor-section-boxed elementor-section-height-default elementor-section-height-default\" data-id=\"4cf24b84\" data-element_type=\"section\" data-settings=\"{&quot;stretch_section&quot;:&quot;section-stretched&quot;,&quot;background_background&quot;:&quot;classic&quot;,&quot;_ha_eqh_enable&quot;:false}\">\n\t\t\t\t\t\t<div class=\"elementor-container elementor-column-gap-default\">\n\t\t\t\t\t<div class=\"elementor-column elementor-col-100 elementor-top-column elementor-element elementor-element-52f9bb9f\" data-id=\"52f9bb9f\" data-element_type=\"column\">\n\t\t\t<div class=\"elementor-widget-wrap elementor-element-populated\">\n\t\t\t\t\t\t<div class=\"elementor-element elementor-element-4ce23ce0 elementor-widget elementor-widget-heading\" data-id=\"4ce23ce0\" data-element_type=\"widget\" data-widget_type=\"heading.default\">\n\t\t\t\t<div class=\"elementor-widget-container\">\n\t\t\t<h2 class=\"elementor-heading-title elementor-size-default\">Escuela de Deva Daya<\/h2>\t\t<\/div>\n\t\t\t\t<\/div>\n\t\t\t\t<section class=\"elementor-section elementor-inner-section elementor-element elementor-element-54cc7ba elementor-section-boxed elementor-section-height-default elementor-section-height-default\" data-id=\"54cc7ba\" data-element_type=\"section\" data-settings=\"{&quot;_ha_eqh_enable&quot;:false}\">\n\t\t\t\t\t\t<div class=\"elementor-container elementor-column-gap-default\">\n\t\t\t\t\t<div class=\"elementor-column elementor-col-50 elementor-inner-column elementor-element elementor-element-c154dc7\" data-id=\"c154dc7\" data-element_type=\"column\">\n\t\t\t<div class=\"elementor-widget-wrap elementor-element-populated\">\n\t\t\t\t\t\t<div class=\"elementor-element elementor-element-9a4d339 elementor-widget elementor-widget-text-editor\" data-id=\"9a4d339\" data-element_type=\"widget\" data-widget_type=\"text-editor.default\">\n\t\t\t\t<div class=\"elementor-widget-container\">\n\t\t\t\t\t\t\t<p>Foi em 2014 que nasceu meu sonho de contribuir com meus ensinamentos para o despertar da humanidade.<\/p><p>Eu acredito que \u00e9 atrav\u00e9s do despertar da consci\u00eancia que as sementes de amor pela Terra ser\u00e3o espalhadas e nutridas e, assim, uma nova Terra poder\u00e1 ser uma realidade.<\/p><p>Minha inten\u00e7\u00e3o \u00e9 transcender as barreiras religiosas, sociais e culturais atrav\u00e9s do Amor, uma qualidade presente em todos n\u00f3s independente de como nos manifestamos.<\/p><p>O Amor \u00e9 a cola que une e re\u00fane. Somente atrav\u00e9s do Amor entraremos em um novo est\u00e1gio no planeta, que possibilitar\u00e1 a prosperidade dos seres em todos os aspectos.<\/p><p>Uma nova fase de harmonia, espiritualidade e colabora\u00e7\u00e3o est\u00e1 iniciando, trazida por pessoas comuns que almejam viver neste belo planeta em comunh\u00e3o e integra\u00e7\u00e3o.<\/p>\t\t\t\t\t\t<\/div>\n\t\t\t\t<\/div>\n\t\t\t\t<div class=\"elementor-element elementor-element-a17c237 elementor-align-center elementor-widget elementor-widget-button\" data-id=\"a17c237\" data-element_type=\"widget\" data-widget_type=\"button.default\">\n\t\t\t\t<div class=\"elementor-widget-container\">\n\t\t\t\t\t<div class=\"elementor-button-wrapper\">\n\t\t\t<a class=\"elementor-button elementor-button-link elementor-size-md\" href=\"https:\/\/flordeamorbydevadaya.com.br\/es\/cursos-terapia-floral\/\" target=\"_blank\">\n\t\t\t\t\t\t<span class=\"elementor-button-content-wrapper\">\n\t\t\t\t\t\t\t\t\t<span class=\"elementor-button-text\">CURSOS<\/span>\n\t\t\t\t\t<\/span>\n\t\t\t\t\t<\/a>\n\t\t<\/div>\n\t\t\t\t<\/div>\n\t\t\t\t<\/div>\n\t\t\t\t\t<\/div>\n\t\t<\/div>\n\t\t\t\t<div class=\"elementor-column elementor-col-50 elementor-inner-column elementor-element elementor-element-171926c\" data-id=\"171926c\" data-element_type=\"column\">\n\t\t\t<div class=\"elementor-widget-wrap elementor-element-populated\">\n\t\t\t\t\t\t<div class=\"elementor-element elementor-element-ac4a475 elementor-widget elementor-widget-image\" data-id=\"ac4a475\" data-element_type=\"widget\" data-widget_type=\"image.default\">\n\t\t\t\t<div class=\"elementor-widget-container\">\n\t\t\t\t\t\t\t\t\t\t\t\t\t<img fetchpriority=\"high\" decoding=\"async\" width=\"768\" height=\"768\" src=\"https:\/\/flordeamorbydevadaya.com.br\/wp-content\/uploads\/2023\/12\/IMG_8684-768x768.jpg\" class=\"attachment-medium_large size-medium_large wp-image-12356\" alt=\"\" srcset=\"https:\/\/flordeamorbydevadaya.com.br\/wp-content\/uploads\/2023\/12\/IMG_8684-768x768.jpg 768w, https:\/\/flordeamorbydevadaya.com.br\/wp-content\/uploads\/2023\/12\/IMG_8684-300x300.jpg 300w, https:\/\/flordeamorbydevadaya.com.br\/wp-content\/uploads\/2023\/12\/IMG_8684-1024x1024.jpg 1024w, https:\/\/flordeamorbydevadaya.com.br\/wp-content\/uploads\/2023\/12\/IMG_8684-150x150.jpg 150w, https:\/\/flordeamorbydevadaya.com.br\/wp-content\/uploads\/2023\/12\/IMG_8684-1536x1536.jpg 1536w, https:\/\/flordeamorbydevadaya.com.br\/wp-content\/uploads\/2023\/12\/IMG_8684-2048x2048.jpg 2048w, https:\/\/flordeamorbydevadaya.com.br\/wp-content\/uploads\/2023\/12\/IMG_8684-12x12.jpg 12w\" sizes=\"(max-width: 768px) 100vw, 768px\" \/>\t\t\t\t\t\t\t\t\t\t\t\t\t<\/div>\n\t\t\t\t<\/div>\n\t\t\t\t\t<\/div>\n\t\t<\/div>\n\t\t\t\t\t<\/div>\n\t\t<\/section>\n\t\t\t\t\t<\/div>\n\t\t<\/div>\n\t\t\t\t\t<\/div>\n\t\t<\/section>\n\t\t\t\t<section class=\"elementor-section elementor-top-section elementor-element elementor-element-59149e9 elementor-section-boxed elementor-section-height-default elementor-section-height-default\" data-id=\"59149e9\" data-element_type=\"section\" data-settings=\"{&quot;_ha_eqh_enable&quot;:false}\">\n\t\t\t\t\t\t<div class=\"elementor-container elementor-column-gap-default\">\n\t\t\t\t\t<div class=\"elementor-column elementor-col-100 elementor-top-column elementor-element elementor-element-9eb5a4f\" data-id=\"9eb5a4f\" data-element_type=\"column\">\n\t\t\t<div class=\"elementor-widget-wrap\">\n\t\t\t\t\t\t\t<\/div>\n\t\t<\/div>\n\t\t\t\t\t<\/div>\n\t\t<\/section>\n\t\t\t\t<section class=\"elementor-section elementor-top-section elementor-element elementor-element-8b19e27 elementor-section-boxed elementor-section-height-default elementor-section-height-default\" data-id=\"8b19e27\" data-element_type=\"section\" data-settings=\"{&quot;_ha_eqh_enable&quot;:false}\">\n\t\t\t\t\t\t<div class=\"elementor-container elementor-column-gap-default\">\n\t\t\t\t\t<div class=\"elementor-column elementor-col-100 elementor-top-column elementor-element elementor-element-f297b2b\" data-id=\"f297b2b\" data-element_type=\"column\">\n\t\t\t<div class=\"elementor-widget-wrap elementor-element-populated\">\n\t\t\t\t\t\t<section class=\"elementor-section elementor-inner-section elementor-element elementor-element-f563830 elementor-section-boxed elementor-section-height-default elementor-section-height-default\" data-id=\"f563830\" data-element_type=\"section\" data-settings=\"{&quot;_ha_eqh_enable&quot;:false}\">\n\t\t\t\t\t\t<div class=\"elementor-container elementor-column-gap-default\">\n\t\t\t\t\t<div class=\"elementor-column elementor-col-50 elementor-inner-column elementor-element elementor-element-907f97d\" data-id=\"907f97d\" data-element_type=\"column\">\n\t\t\t<div class=\"elementor-widget-wrap\">\n\t\t\t\t\t\t\t<\/div>\n\t\t<\/div>\n\t\t\t\t<div class=\"elementor-column elementor-col-50 elementor-inner-column elementor-element elementor-element-216286a\" data-id=\"216286a\" data-element_type=\"column\">\n\t\t\t<div class=\"elementor-widget-wrap\">\n\t\t\t\t\t\t\t<\/div>\n\t\t<\/div>\n\t\t\t\t\t<\/div>\n\t\t<\/section>\n\t\t\t\t\t<\/div>\n\t\t<\/div>\n\t\t\t\t\t<\/div>\n\t\t<\/section>\n\t\t\t\t<\/div>","protected":false},"excerpt":{"rendered":"<p>Escola Deva Daya Foi em 2014 que nasceu meu sonho de contribuir com meus ensinamentos para o despertar da humanidade. Eu acredito que \u00e9 atrav\u00e9s do despertar da consci\u00eancia que as sementes de amor pela Terra ser\u00e3o espalhadas e nutridas e, assim, uma nova Terra poder\u00e1 ser uma realidade. Minha inten\u00e7\u00e3o \u00e9 transcender as barreiras [&hellip;]<\/p>","protected":false},"author":4,"featured_media":0,"parent":0,"menu_order":0,"comment_status":"closed","ping_status":"closed","template":"","meta":{"footnotes":""},"yst_prominent_words":[71,173,55],"class_list":["post-12344","page","type-page","status-publish","hentry"],"_links":{"self":[{"href":"https:\/\/flordeamorbydevadaya.com.br\/es\/wp-json\/wp\/v2\/pages\/12344"}],"collection":[{"href":"https:\/\/flordeamorbydevadaya.com.br\/es\/wp-json\/wp\/v2\/pages"}],"about":[{"href":"https:\/\/flordeamorbydevadaya.com.br\/es\/wp-json\/wp\/v2\/types\/page"}],"author":[{"embeddable":true,"href":"https:\/\/flordeamorbydevadaya.com.br\/es\/wp-json\/wp\/v2\/users\/4"}],"replies":[{"embeddable":true,"href":"https:\/\/flordeamorbydevadaya.com.br\/es\/wp-json\/wp\/v2\/comments?post=12344"}],"version-history":[{"count":38,"href":"https:\/\/flordeamorbydevadaya.com.br\/es\/wp-json\/wp\/v2\/pages\/12344\/revisions"}],"predecessor-version":[{"id":20655,"href":"https:\/\/flordeamorbydevadaya.com.br\/es\/wp-json\/wp\/v2\/pages\/12344\/revisions\/20655"}],"wp:attachment":[{"href":"https:\/\/flordeamorbydevadaya.com.br\/es\/wp-json\/wp\/v2\/media?parent=12344"}],"wp:term":[{"taxonomy":"yst_prominent_words","embeddable":true,"href":"https:\/\/flordeamorbydevadaya.com.br\/es\/wp-json\/wp\/v2\/yst_prominent_words?post=12344"}],"curies":[{"name":"wp","href":"https:\/\/api.w.org\/{rel}","templated":true}]}}